{"id":226497,"date":"2024-06-14T11:07:08","date_gmt":"2024-06-14T09:07:08","guid":{"rendered":"https:\/\/jimrichard.be\/mediumnidad\/"},"modified":"2026-01-10T01:37:56","modified_gmt":"2026-01-10T00:37:56","slug":"mediumnidad","status":"publish","type":"page","link":"https:\/\/jimrichard.be\/es\/mediumnidad\/","title":{"rendered":"Mediumnidad"},"content":{"rendered":"<p>[et_pb_section fb_built=\u00bb1&#8243; _builder_version=\u00bb4.25.1&#8243; _module_preset=\u00bbdefault\u00bb background_image=\u00bbhttps:\/\/jimrichard.be\/wp-content\/uploads\/2024\/06\/3A-1.gif\u00bb global_colors_info=\u00bb{}\u00bb][et_pb_row _builder_version=\u00bb4.25.1&#8243; _module_preset=\u00bbdefault\u00bb global_colors_info=\u00bb{}\u00bb][et_pb_column type=\u00bb4_4&#8243; _builder_version=\u00bb4.25.1&#8243; _module_preset=\u00bbdefault\u00bb global_colors_info=\u00bb{}\u00bb][et_pb_text _builder_version=\u00bb4.25.1&#8243; _module_preset=\u00bbdefault\u00bb text_text_color=\u00bb#FFFFFF\u00bb global_colors_info=\u00bb{}\u00bb]<\/p>\n<p>SERVICIOS<\/p>\n<p>[\/et_pb_text][et_pb_text _builder_version=\u00bb4.25.1&#8243; _module_preset=\u00bbdefault\u00bb header_font=\u00bb|800|||||||\u00bb header_text_color=\u00bb#FFFFFF\u00bb header_font_size=\u00bb40px\u00bb custom_margin=\u00bb-16px|||||\u00bb global_colors_info=\u00bb{}\u00bb]<\/p>\n<h1>Mediumnidad <\/h1>\n<p>[\/et_pb_text][\/et_pb_column][\/et_pb_row][\/et_pb_section][et_pb_section fb_built=\u00bb1&#8243; _builder_version=\u00bb4.25.1&#8243; _module_preset=\u00bbdefault\u00bb custom_padding=\u00bb||23px|||\u00bb global_colors_info=\u00bb{}\u00bb][et_pb_row _builder_version=\u00bb4.25.1&#8243; _module_preset=\u00bbdefault\u00bb global_colors_info=\u00bb{}\u00bb][et_pb_column type=\u00bb4_4&#8243; _builder_version=\u00bb4.25.1&#8243; _module_preset=\u00bbdefault\u00bb global_colors_info=\u00bb{}\u00bb][et_pb_text _builder_version=\u00bb4.25.1&#8243; _module_preset=\u00bbdefault\u00bb text_font_size=\u00bb16px\u00bb header_font=\u00bb|700|||||||\u00bb header_3_font=\u00bb||||||||\u00bb global_colors_info=\u00bb{}\u00bb]<\/p>\n<h1>Mediumnidad<\/h1>\n<h3>Entender la mediumnidad y la funci\u00f3n del m\u00e9dium<\/h3>\n<p>&nbsp;<\/p>\n<p>[\/et_pb_text][et_pb_text _builder_version=\u00bb4.25.1&#8243; _module_preset=\u00bbdefault\u00bb custom_margin=\u00bb-31px|||||\u00bb global_colors_info=\u00bb{}\u00bb]<\/p>\n<p>La mediumnidad es un puente \u00fanico entre nuestro mundo y el mundo espiritual. Como m\u00e9dium, soy un canal para comunicar con los esp\u00edritus pero de una manera diferente a lo que se podr\u00eda esperar. En vez de transmitir noticias de seres queridos difuntos, dejo al mundo espiritual, a supropria inteligencia y a su propia consciencia, guiar esas interacciones.  <\/p>\n<p>No elijo cuales esp\u00edritus comunican a trav\u00e9s de m\u00ed. Son ellos quienes me elijen para transmitir mensajes esenciales para ayudar a la persona en su vida cotidiana. Esos mensajes pueden tratar de varios aspectos de su vida, que sea profesional, familial o sentimental.  <\/p>\n<p>[\/et_pb_text][\/et_pb_column][\/et_pb_row][et_pb_row _builder_version=\u00bb4.25.1&#8243; _module_preset=\u00bbdefault\u00bb global_colors_info=\u00bb{}\u00bb][et_pb_column type=\u00bb4_4&#8243; _builder_version=\u00bb4.25.1&#8243; _module_preset=\u00bbdefault\u00bb global_colors_info=\u00bb{}\u00bb][et_pb_text _builder_version=\u00bb4.25.1&#8243; _module_preset=\u00bbdefault\u00bb global_colors_info=\u00bb{}\u00bb]<\/p>\n<h3>\u00bfPor qu\u00e9 consultar a un m\u00e9dium?<\/h3>\n<p>Las consultaciones de un m\u00e9dium pueden traer una claridad profunda et un apoyo espiritual en momentos de duda o de transici\u00f3n. Que busque respuestas sur su camino de vida o que necesite una orientaci\u00f3n espiritual, los mensajes de los espiritus tienen como objetivo enriquecer su bienestar general orientarle hac\u00eda una vida m\u00e1s cumplida. <\/p>\n<p>[\/et_pb_text][\/et_pb_column][\/et_pb_row][\/et_pb_section][et_pb_section fb_built=\u00bb1&#8243; custom_padding_last_edited=\u00bbon|phone\u00bb _builder_version=\u00bb4.25.1&#8243; _module_preset=\u00bbdefault\u00bb background_image=\u00bbhttps:\/\/jimrichard.be\/wp-content\/uploads\/2024\/06\/psychic-medium.jpg\u00bb custom_margin=\u00bb0px||||false|false\u00bb custom_margin_tablet=\u00bb0px||||false|false\u00bb custom_margin_phone=\u00bb-154px||||false|false\u00bb custom_margin_last_edited=\u00bbon|phone\u00bb custom_padding=\u00bb108px||211px||false|false\u00bb custom_padding_tablet=\u00bb108px||211px||false|false\u00bb custom_padding_phone=\u00bb0px||300px||false|false\u00bb background_last_edited=\u00bbon|phone\u00bb parallax_phone=\u00bboff\u00bb parallax_method_phone=\u00bboff\u00bb background_size_phone=\u00bbcontain\u00bb global_colors_info=\u00bb{}\u00bb][et_pb_row _builder_version=\u00bb4.25.1&#8243; _module_preset=\u00bbdefault\u00bb global_colors_info=\u00bb{}\u00bb][et_pb_column type=\u00bb4_4&#8243; _builder_version=\u00bb4.25.1&#8243; _module_preset=\u00bbdefault\u00bb global_colors_info=\u00bb{}\u00bb][\/et_pb_column][\/et_pb_row][\/et_pb_section][et_pb_section fb_built=\u00bb1&#8243; custom_padding_last_edited=\u00bbon|phone\u00bb _builder_version=\u00bb4.25.1&#8243; _module_preset=\u00bbdefault\u00bb background_image=\u00bbhttps:\/\/jimrichard.be\/wp-content\/uploads\/2024\/06\/mediumnite-messages-spirituels.png\u00bb background_size=\u00bbinitial\u00bb background_position=\u00bbcenter_right\u00bb background_horizontal_offset=\u00bb-18%\u00bb custom_margin_tablet=\u00bb\u00bb custom_margin_phone=\u00bb-133px||||false|false\u00bb custom_margin_last_edited=\u00bbon|phone\u00bb custom_padding_tablet=\u00bb\u00bb custom_padding_phone=\u00bb\u00bb background_last_edited=\u00bbon|phone\u00bb use_background_color_gradient_phone=\u00bbon\u00bb background_color_gradient_stops_phone=\u00bbrgba(255,255,255,0.13) 0%|#ffffff 99%\u00bb background_color_gradient_overlays_image_phone=\u00bbon\u00bb background_horizontal_offset_phone=\u00bb46%\u00bb global_colors_info=\u00bb{}\u00bb][et_pb_row column_structure=\u00bb2_3,1_3&#8243; _builder_version=\u00bb4.25.1&#8243; _module_preset=\u00bbdefault\u00bb custom_margin_tablet=\u00bb\u00bb custom_margin_phone=\u00bb-35px||||false|false\u00bb custom_margin_last_edited=\u00bbon|phone\u00bb animation_style=\u00bbslide\u00bb animation_direction=\u00bbright\u00bb global_colors_info=\u00bb{}\u00bb][et_pb_column type=\u00bb2_3&#8243; _builder_version=\u00bb4.25.1&#8243; _module_preset=\u00bbdefault\u00bb global_colors_info=\u00bb{}\u00bb][et_pb_text _builder_version=\u00bb4.25.1&#8243; _module_preset=\u00bbdefault\u00bb header_text_align=\u00bbleft\u00bb global_colors_info=\u00bb{}\u00bb]<\/p>\n<h1>Curso de una sesi\u00f3n de mediumnidad<\/h1>\n<p>[\/et_pb_text][et_pb_text _builder_version=\u00bb4.25.1&#8243; _module_preset=\u00bbdefault\u00bb header_2_font=\u00bb|700|||||||\u00bb header_2_text_align=\u00bbleft\u00bb header_2_text_color=\u00bb#0C71C3&#8243; header_2_font_size=\u00bb22px\u00bb global_colors_info=\u00bb{}\u00bb]<\/p>\n<h2>Explicaci\u00f3n inicial<\/h2>\n<p>Antes de empezar, siempre dedico unos minutos a explicar al consultante c\u00f3mo funciona la sesi\u00f3n y cu\u00e1l es el papel del m\u00e9dium. Me ayuda a clarificar el proceso y hacer que el consultante se sienta a gusto. <\/p>\n<h2>Conexi\u00f3n con el Mundo Espiritual<\/h2>\n<p>Luego me hago a un lado y me convierto en un simple intermediario espiritual. Nunca s\u00e9 qu\u00e9 persona del mundo espiritual viene a hablar con el consultante, pero se supone que ambos se conocen. As\u00ed que primero tomo el tiempo de describir la persona que ha venido, antes de transmitir un mensaje.  <\/p>\n<h2>Participaci\u00f3n Activa del Consultante<\/h2>\n<p>El consultante est\u00e1 activo durante el contacto. Confirma la descripci\u00f3n con un \u00abs\u00ed\u00bb o un \u00abno\u00bb. S\u00f3lo cuando se ha establecido el reconocimiento, el esp\u00edritu transmite su mensaje.  <\/p>\n<h2>Transmisi\u00f3n el Mensaje Espiritual<\/h2>\n<p>Cuando se transmite el mensaje, entro en estado de trance. Sin embargo, si la persona se siente inc\u00f3moda con la idea, permanezco presente para asegurar su comodidad. <\/p>\n<p>[\/et_pb_text][\/et_pb_column][et_pb_column type=\u00bb1_3&#8243; _builder_version=\u00bb4.25.1&#8243; _module_preset=\u00bbdefault\u00bb global_colors_info=\u00bb{}\u00bb][\/et_pb_column][\/et_pb_row][\/et_pb_section][et_pb_section fb_built=\u00bb1&#8243; _builder_version=\u00bb4.25.1&#8243; _module_preset=\u00bbdefault\u00bb global_colors_info=\u00bb{}\u00bb][et_pb_row _builder_version=\u00bb4.25.1&#8243; _module_preset=\u00bbdefault\u00bb global_colors_info=\u00bb{}\u00bb][et_pb_column type=\u00bb4_4&#8243; _builder_version=\u00bb4.25.1&#8243; _module_preset=\u00bbdefault\u00bb global_colors_info=\u00bb{}\u00bb][dsm_text_divider header=\u00bbReconfort y Claridad Espiritual\u00bb header_tablet=\u00bbReconfort y Claridad Espiritual\u00bb header_phone=\u00bbReconfort y claridad\u00bb header_last_edited=\u00bbon|phone\u00bb _builder_version=\u00bb4.25.1&#8243; _module_preset=\u00bbdefault\u00bb header_font=\u00bb|700|||||||\u00bb global_colors_info=\u00bb{}\u00bb][\/dsm_text_divider][\/et_pb_column][\/et_pb_row][et_pb_row _builder_version=\u00bb4.25.1&#8243; _module_preset=\u00bbdefault\u00bb global_colors_info=\u00bb{}\u00bb][et_pb_column type=\u00bb4_4&#8243; _builder_version=\u00bb4.25.1&#8243; _module_preset=\u00bbdefault\u00bb global_colors_info=\u00bb{}\u00bb][et_pb_text _builder_version=\u00bb4.25.1&#8243; _module_preset=\u00bbdefault\u00bb text_font_size=\u00bb16px\u00bb custom_margin=\u00bb-15px|||||\u00bb global_colors_info=\u00bb{}\u00bb]<\/p>\n<p>Participar en una sesi\u00f3n de mediumnidad puede ofrecer un apoyo emocional profundo y una claridad espiritual, ayudando a reconectar con sus seres queridos fallecidos y a recibir valiosos mensajes para su bienestar cotidiano. Al participar de manera activa en este proceso guiado por esp\u00edritus con buenas intenciones, puede encontrar consuelo, orientaci\u00f3n y una nueva perspectiva sobre los desaf\u00edos de la vida. <\/p>\n<p>[\/et_pb_text][dsm_block_reveal_text block_reveal_text=\u00bbN.B.: en ning\u00fan caso un m\u00e9dium tiene el poder o el derecho de decir a una persona lo que debe hacer seg\u00fan el mensaje recibido. Los mensajes recibidos son ante todo consejos. Es la responsabilidad del consultante de ver si es necesario tomar alguna medida tras la entrevista.  \u00bb block_reveal_color=\u00bb#0C71C3&#8243; _builder_version=\u00bb4.25.1&#8243; _module_preset=\u00bbdefault\u00bb header_font=\u00bb&#8211;et_global_body_font||on||||||\u00bb header_text_color=\u00bb#0C71C3&#8243; header_font_size=\u00bb14px\u00bb custom_margin=\u00bb-15px|||||\u00bb global_colors_info=\u00bb{}\u00bb][\/dsm_block_reveal_text][\/et_pb_column][\/et_pb_row][et_pb_row _builder_version=\u00bb4.25.1&#8243; _module_preset=\u00bbdefault\u00bb global_colors_info=\u00bb{}\u00bb][et_pb_column type=\u00bb4_4&#8243; _builder_version=\u00bb4.25.1&#8243; _module_preset=\u00bbdefault\u00bb global_colors_info=\u00bb{}\u00bb][ba_card photo=\u00bbhttps:\/\/jimrichard.be\/wp-content\/uploads\/2024\/06\/one-hour.png\u00bb photo_alt=\u00bbInformaci\u00f3n sobre la sesi\u00f3n de sanaci\u00f3n energ\u00e9tica.\u00bb title=\u00bbSesi\u00f3n de 60 minutos\u00bb description=\u00bb&lt;p&gt;Precio:&lt;\/p&gt;<br \/>\n&lt;p&gt;&lt;strong&gt;&lt;strong&gt;En pr\u00e9sencial &lt;\/strong&gt;: 120\u20ac.&lt;\/strong&gt;&lt;\/p&gt;<br \/>\n&lt;p&gt;&lt;strong&gt;A distancia : 110\u20ac &lt;\/strong&gt;(Via Zoom)&lt;\/p&gt;<br \/>\n&lt;p&gt;&lt;strong&gt; &lt;\/strong&gt;Cualquier sesi\u00f3n que no ha sido cancelada 3 d\u00edas previamente es debida.&lt;\/p&gt;\u00bb use_button=\u00bbon\u00bb button_text=\u00bbReservar en l\u00ednea\u00bb button_link=\u00bb@ET-DC@eyJkeW5hbWljIjp0cnVlLCJjb250ZW50IjoicG9zdF9saW5rX3VybF9wYWdlIiwic2V0dGluZ3MiOnsicG9zdF9pZCI6IjI0ODkwIn19@\u00bb custom_height=\u00bboff\u00bb image_width=\u00bb60px\u00bb image_padding=\u00bb0px|0px|15px|0px|false|false\u00bb btn_spacing_top=\u00bb20px\u00bb title_bottom_spacing=\u00bb16px\u00bb content_alignment=\u00bbcenter\u00bb content_padding=\u00bb0px|0px|0px|0px|false|false\u00bb _builder_version=\u00bb4.25.1&#8243; _dynamic_attributes=\u00bbbutton_link\u00bb _module_preset=\u00bbdefault\u00bb title_font=\u00bb|700|||||||\u00bb title_text_color=\u00bb#3979ff\u00bb title_font_size=\u00bb1.5rem\u00bb custom_button=\u00bbon\u00bb button_text_size=\u00bb1rem\u00bb button_text_color=\u00bb#3979ff\u00bb button_bg_color=\u00bb#ffffff\u00bb button_border_width=\u00bb1px\u00bb button_border_color=\u00bb#3979ff\u00bb button_border_radius=\u00bb50px\u00bb button_font=\u00bb|700|||||||\u00bb button_use_icon=\u00bboff\u00bb custom_padding=\u00bb30px|30px|30px|30px|false|false\u00bb animation_style=\u00bbslide\u00bb animation_direction=\u00bbleft\u00bb border_radii_card=\u00bbon|9px|9px|9px|9px\u00bb border_color_all_card=\u00bb#3979ff\u00bb border_style_all_card=\u00bbsolid\u00bb border_width_right_card=\u00bb1px\u00bb global_colors_info=\u00bb{}\u00bb][\/ba_card][\/et_pb_column][\/et_pb_row][et_pb_row _builder_version=\u00bb4.25.1&#8243; _module_preset=\u00bbdefault\u00bb global_colors_info=\u00bb{}\u00bb][et_pb_column type=\u00bb4_4&#8243; _builder_version=\u00bb4.25.1&#8243; _module_preset=\u00bbdefault\u00bb global_colors_info=\u00bb{}\u00bb][et_pb_button button_url=\u00bb@ET-DC@eyJkeW5hbWljIjp0cnVlLCJjb250ZW50IjoicG9zdF9saW5rX3VybF9wYWdlIiwic2V0dGluZ3MiOnsicG9zdF9pZCI6IjIyNTczNCJ9fQ==@\u00bb button_text=\u00bbConsultar las condiciones generales\u00bb button_alignment=\u00bbcenter\u00bb _builder_version=\u00bb4.25.1&#8243; _dynamic_attributes=\u00bbbutton_url\u00bb _module_preset=\u00bbdefault\u00bb custom_button=\u00bbon\u00bb button_text_size=\u00bb15px\u00bb button_text_color=\u00bb#FFFFFF\u00bb button_bg_color=\u00bb#a04688&#8243; button_border_radius=\u00bb100px\u00bb button_font=\u00bb|700|||||||\u00bb button_icon=\u00bb&#xf05a;||fa||900&#8243; custom_padding=\u00bb10px|50px|10px|42px|true|false\u00bb button_text_size_tablet=\u00bb15px\u00bb button_text_size_phone=\u00bb12px\u00bb button_text_size_last_edited=\u00bbon|phone\u00bb global_colors_info=\u00bb{}\u00bb][\/et_pb_button][\/et_pb_column][\/et_pb_row][\/et_pb_section]<\/p>\n","protected":false},"excerpt":{"rendered":"<p>SERVICIOSMediumnidad Mediumnidad Entender la mediumnidad y la funci\u00f3n del m\u00e9dium &nbsp;La mediumnidad es un puente \u00fanico entre nuestro mundo y el mundo espiritual. Como m\u00e9dium, soy un canal para comunicar con los esp\u00edritus pero de una manera diferente a lo que se podr\u00eda esperar. En vez de transmitir noticias de seres queridos difuntos, dejo al mundo espiritual, a supropria inteligencia y a su propia consciencia, guiar esas interacciones. No elijo cuales esp\u00edritus comunican a trav\u00e9s de m\u00ed. Son ellos quienes me elijen para transmitir mensajes esenciales para ayudar a la persona en su vida cotidiana. Esos mensajes pueden tratar de varios aspectos de su vida, que sea profesional, familial o sentimental. \u00bfPor qu\u00e9 consultar a un m\u00e9dium? Las consultaciones de un m\u00e9dium pueden traer una claridad profunda et un apoyo espiritual en momentos de duda o de transici\u00f3n. Que busque respuestas sur su camino de vida o que necesite una orientaci\u00f3n espiritual, los mensajes de los espiritus tienen como objetivo enriquecer su bienestar general orientarle hac\u00eda una vida m\u00e1s cumplida. Curso de una sesi\u00f3n de mediumnidadExplicaci\u00f3n inicial Antes de empezar, siempre dedico unos minutos a explicar al consultante c\u00f3mo funciona la sesi\u00f3n y cu\u00e1l es el papel del m\u00e9dium. Me [&hellip;]<\/p>\n","protected":false},"author":1,"featured_media":0,"parent":0,"menu_order":0,"comment_status":"closed","ping_status":"closed","template":"","meta":{"_et_pb_use_builder":"on","_et_pb_old_content":"","_et_gb_content_width":"","_price":"","_stock":"","_tribe_ticket_header":"","_tribe_default_ticket_provider":"TEC\\Tickets\\Commerce\\Module","_ticket_start_date":"","_ticket_end_date":"","_tribe_ticket_show_description":"","_tribe_ticket_show_not_going":false,"_tribe_ticket_use_global_stock":"","_tribe_ticket_global_stock_level":"","_global_stock_mode":"","_global_stock_cap":"","_tribe_rsvp_for_event":"","_tribe_ticket_going_count":"","_tribe_ticket_not_going_count":"","_tribe_tickets_list":"[]","_tribe_ticket_has_attendee_info_fields":false,"footnotes":"","_tec_slr_enabled":"","_tec_slr_layout":""},"class_list":["post-226497","page","type-page","status-publish","hentry"],"yoast_head":"<!-- This site is optimized with the Yoast SEO plugin v26.9 - https:\/\/yoast.com\/product\/yoast-seo-wordpress\/ -->\n<title>Mediumnidad - Jim Richard - Th\u00e9rapeute Holistique.<\/title>\n<meta name=\"robots\" content=\"index, follow, max-snippet:-1, max-image-preview:large, max-video-preview:-1\" \/>\n<link rel=\"canonical\" href=\"https:\/\/jimrichard.be\/es\/mediumnidad\/\" \/>\n<meta property=\"og:locale\" content=\"es_ES\" \/>\n<meta property=\"og:type\" content=\"article\" \/>\n<meta property=\"og:title\" content=\"Mediumnidad - Jim Richard - Th\u00e9rapeute Holistique.\" \/>\n<meta property=\"og:description\" content=\"SERVICIOSMediumnidad Mediumnidad Entender la mediumnidad y la funci\u00f3n del m\u00e9dium &nbsp;La mediumnidad es un puente \u00fanico entre nuestro mundo y el mundo espiritual. Como m\u00e9dium, soy un canal para comunicar con los esp\u00edritus pero de una manera diferente a lo que se podr\u00eda esperar. En vez de transmitir noticias de seres queridos difuntos, dejo al mundo espiritual, a supropria inteligencia y a su propia consciencia, guiar esas interacciones. No elijo cuales esp\u00edritus comunican a trav\u00e9s de m\u00ed. Son ellos quienes me elijen para transmitir mensajes esenciales para ayudar a la persona en su vida cotidiana. Esos mensajes pueden tratar de varios aspectos de su vida, que sea profesional, familial o sentimental. \u00bfPor qu\u00e9 consultar a un m\u00e9dium? Las consultaciones de un m\u00e9dium pueden traer una claridad profunda et un apoyo espiritual en momentos de duda o de transici\u00f3n. Que busque respuestas sur su camino de vida o que necesite una orientaci\u00f3n espiritual, los mensajes de los espiritus tienen como objetivo enriquecer su bienestar general orientarle hac\u00eda una vida m\u00e1s cumplida. Curso de una sesi\u00f3n de mediumnidadExplicaci\u00f3n inicial Antes de empezar, siempre dedico unos minutos a explicar al consultante c\u00f3mo funciona la sesi\u00f3n y cu\u00e1l es el papel del m\u00e9dium. Me [&hellip;]\" \/>\n<meta property=\"og:url\" content=\"https:\/\/jimrichard.be\/es\/mediumnidad\/\" \/>\n<meta property=\"og:site_name\" content=\"Jim Richard - Th\u00e9rapeute Holistique.\" \/>\n<meta property=\"article:publisher\" content=\"https:\/\/www.facebook.com\/jimrichardspirit\/\" \/>\n<meta property=\"article:modified_time\" content=\"2026-01-10T00:37:56+00:00\" \/>\n<meta name=\"twitter:card\" content=\"summary_large_image\" \/>\n<meta name=\"twitter:label1\" content=\"Tiempo de lectura\" \/>\n\t<meta name=\"twitter:data1\" content=\"8 minutos\" \/>\n<script type=\"application\/ld+json\" class=\"yoast-schema-graph\">{\"@context\":\"https:\/\/schema.org\",\"@graph\":[{\"@type\":\"WebPage\",\"@id\":\"https:\/\/jimrichard.be\/es\/mediumnidad\/\",\"url\":\"https:\/\/jimrichard.be\/es\/mediumnidad\/\",\"name\":\"Mediumnidad - Jim Richard - Th\u00e9rapeute Holistique.\",\"isPartOf\":{\"@id\":\"https:\/\/jimrichard.be\/#website\"},\"datePublished\":\"2024-06-14T09:07:08+00:00\",\"dateModified\":\"2026-01-10T00:37:56+00:00\",\"breadcrumb\":{\"@id\":\"https:\/\/jimrichard.be\/es\/mediumnidad\/#breadcrumb\"},\"inLanguage\":\"es\",\"potentialAction\":[{\"@type\":\"ReadAction\",\"target\":[\"https:\/\/jimrichard.be\/es\/mediumnidad\/\"]}]},{\"@type\":\"BreadcrumbList\",\"@id\":\"https:\/\/jimrichard.be\/es\/mediumnidad\/#breadcrumb\",\"itemListElement\":[{\"@type\":\"ListItem\",\"position\":1,\"name\":\"Accueil\",\"item\":\"https:\/\/jimrichard.be\/\"},{\"@type\":\"ListItem\",\"position\":2,\"name\":\"Mediumnidad\"}]},{\"@type\":\"WebSite\",\"@id\":\"https:\/\/jimrichard.be\/#website\",\"url\":\"https:\/\/jimrichard.be\/\",\"name\":\"Jim Richard - Th\u00e9rapeute Holistique.\",\"description\":\"Retrouvez l&#039;Harmonie : Bien-\u00catre et Clart\u00e9 dans Votre Vie et Votre Maison\",\"publisher\":{\"@id\":\"https:\/\/jimrichard.be\/#organization\"},\"potentialAction\":[{\"@type\":\"SearchAction\",\"target\":{\"@type\":\"EntryPoint\",\"urlTemplate\":\"https:\/\/jimrichard.be\/?s={search_term_string}\"},\"query-input\":{\"@type\":\"PropertyValueSpecification\",\"valueRequired\":true,\"valueName\":\"search_term_string\"}}],\"inLanguage\":\"es\"},{\"@type\":\"Organization\",\"@id\":\"https:\/\/jimrichard.be\/#organization\",\"name\":\"Jim Richard - Th\u00e9rapeute Holistique.\",\"url\":\"https:\/\/jimrichard.be\/\",\"logo\":{\"@type\":\"ImageObject\",\"inLanguage\":\"es\",\"@id\":\"https:\/\/jimrichard.be\/#\/schema\/logo\/image\/\",\"url\":\"https:\/\/jimrichard.be\/wp-content\/uploads\/2024\/06\/cropped-favicon-JR.png\",\"contentUrl\":\"https:\/\/jimrichard.be\/wp-content\/uploads\/2024\/06\/cropped-favicon-JR.png\",\"width\":512,\"height\":512,\"caption\":\"Jim Richard - Th\u00e9rapeute Holistique.\"},\"image\":{\"@id\":\"https:\/\/jimrichard.be\/#\/schema\/logo\/image\/\"},\"sameAs\":[\"https:\/\/www.facebook.com\/jimrichardspirit\/\",\"https:\/\/www.instagram.com\/jimrichardliberi\/\"]}]}<\/script>\n<!-- \/ Yoast SEO plugin. -->","yoast_head_json":{"title":"Mediumnidad - Jim Richard - Th\u00e9rapeute Holistique.","robots":{"index":"index","follow":"follow","max-snippet":"max-snippet:-1","max-image-preview":"max-image-preview:large","max-video-preview":"max-video-preview:-1"},"canonical":"https:\/\/jimrichard.be\/es\/mediumnidad\/","og_locale":"es_ES","og_type":"article","og_title":"Mediumnidad - Jim Richard - Th\u00e9rapeute Holistique.","og_description":"SERVICIOSMediumnidad Mediumnidad Entender la mediumnidad y la funci\u00f3n del m\u00e9dium &nbsp;La mediumnidad es un puente \u00fanico entre nuestro mundo y el mundo espiritual. Como m\u00e9dium, soy un canal para comunicar con los esp\u00edritus pero de una manera diferente a lo que se podr\u00eda esperar. En vez de transmitir noticias de seres queridos difuntos, dejo al mundo espiritual, a supropria inteligencia y a su propia consciencia, guiar esas interacciones. No elijo cuales esp\u00edritus comunican a trav\u00e9s de m\u00ed. Son ellos quienes me elijen para transmitir mensajes esenciales para ayudar a la persona en su vida cotidiana. Esos mensajes pueden tratar de varios aspectos de su vida, que sea profesional, familial o sentimental. \u00bfPor qu\u00e9 consultar a un m\u00e9dium? Las consultaciones de un m\u00e9dium pueden traer una claridad profunda et un apoyo espiritual en momentos de duda o de transici\u00f3n. Que busque respuestas sur su camino de vida o que necesite una orientaci\u00f3n espiritual, los mensajes de los espiritus tienen como objetivo enriquecer su bienestar general orientarle hac\u00eda una vida m\u00e1s cumplida. Curso de una sesi\u00f3n de mediumnidadExplicaci\u00f3n inicial Antes de empezar, siempre dedico unos minutos a explicar al consultante c\u00f3mo funciona la sesi\u00f3n y cu\u00e1l es el papel del m\u00e9dium. Me [&hellip;]","og_url":"https:\/\/jimrichard.be\/es\/mediumnidad\/","og_site_name":"Jim Richard - Th\u00e9rapeute Holistique.","article_publisher":"https:\/\/www.facebook.com\/jimrichardspirit\/","article_modified_time":"2026-01-10T00:37:56+00:00","twitter_card":"summary_large_image","twitter_misc":{"Tiempo de lectura":"8 minutos"},"schema":{"@context":"https:\/\/schema.org","@graph":[{"@type":"WebPage","@id":"https:\/\/jimrichard.be\/es\/mediumnidad\/","url":"https:\/\/jimrichard.be\/es\/mediumnidad\/","name":"Mediumnidad - Jim Richard - Th\u00e9rapeute Holistique.","isPartOf":{"@id":"https:\/\/jimrichard.be\/#website"},"datePublished":"2024-06-14T09:07:08+00:00","dateModified":"2026-01-10T00:37:56+00:00","breadcrumb":{"@id":"https:\/\/jimrichard.be\/es\/mediumnidad\/#breadcrumb"},"inLanguage":"es","potentialAction":[{"@type":"ReadAction","target":["https:\/\/jimrichard.be\/es\/mediumnidad\/"]}]},{"@type":"BreadcrumbList","@id":"https:\/\/jimrichard.be\/es\/mediumnidad\/#breadcrumb","itemListElement":[{"@type":"ListItem","position":1,"name":"Accueil","item":"https:\/\/jimrichard.be\/"},{"@type":"ListItem","position":2,"name":"Mediumnidad"}]},{"@type":"WebSite","@id":"https:\/\/jimrichard.be\/#website","url":"https:\/\/jimrichard.be\/","name":"Jim Richard - Th\u00e9rapeute Holistique.","description":"Retrouvez l&#039;Harmonie : Bien-\u00catre et Clart\u00e9 dans Votre Vie et Votre Maison","publisher":{"@id":"https:\/\/jimrichard.be\/#organization"},"potentialAction":[{"@type":"SearchAction","target":{"@type":"EntryPoint","urlTemplate":"https:\/\/jimrichard.be\/?s={search_term_string}"},"query-input":{"@type":"PropertyValueSpecification","valueRequired":true,"valueName":"search_term_string"}}],"inLanguage":"es"},{"@type":"Organization","@id":"https:\/\/jimrichard.be\/#organization","name":"Jim Richard - Th\u00e9rapeute Holistique.","url":"https:\/\/jimrichard.be\/","logo":{"@type":"ImageObject","inLanguage":"es","@id":"https:\/\/jimrichard.be\/#\/schema\/logo\/image\/","url":"https:\/\/jimrichard.be\/wp-content\/uploads\/2024\/06\/cropped-favicon-JR.png","contentUrl":"https:\/\/jimrichard.be\/wp-content\/uploads\/2024\/06\/cropped-favicon-JR.png","width":512,"height":512,"caption":"Jim Richard - Th\u00e9rapeute Holistique."},"image":{"@id":"https:\/\/jimrichard.be\/#\/schema\/logo\/image\/"},"sameAs":["https:\/\/www.facebook.com\/jimrichardspirit\/","https:\/\/www.instagram.com\/jimrichardliberi\/"]}]}},"jetpack_sharing_enabled":true,"ticketed":false,"_links":{"self":[{"href":"https:\/\/jimrichard.be\/es\/wp-json\/wp\/v2\/pages\/226497","targetHints":{"allow":["GET"]}}],"collection":[{"href":"https:\/\/jimrichard.be\/es\/wp-json\/wp\/v2\/pages"}],"about":[{"href":"https:\/\/jimrichard.be\/es\/wp-json\/wp\/v2\/types\/page"}],"author":[{"embeddable":true,"href":"https:\/\/jimrichard.be\/es\/wp-json\/wp\/v2\/users\/1"}],"replies":[{"embeddable":true,"href":"https:\/\/jimrichard.be\/es\/wp-json\/wp\/v2\/comments?post=226497"}],"version-history":[{"count":15,"href":"https:\/\/jimrichard.be\/es\/wp-json\/wp\/v2\/pages\/226497\/revisions"}],"predecessor-version":[{"id":227295,"href":"https:\/\/jimrichard.be\/es\/wp-json\/wp\/v2\/pages\/226497\/revisions\/227295"}],"wp:attachment":[{"href":"https:\/\/jimrichard.be\/es\/wp-json\/wp\/v2\/media?parent=226497"}],"curies":[{"name":"wp","href":"https:\/\/api.w.org\/{rel}","templated":true}]}}