{"id":226477,"date":"2024-07-03T10:57:40","date_gmt":"2024-07-03T08:57:40","guid":{"rendered":"https:\/\/jimrichard.be\/condiciones-generales\/"},"modified":"2024-10-25T11:58:04","modified_gmt":"2024-10-25T09:58:04","slug":"condiciones-generales","status":"publish","type":"page","link":"https:\/\/jimrichard.be\/es\/condiciones-generales\/","title":{"rendered":"Condiciones generales"},"content":{"rendered":"<p>[et_pb_section fb_built=\u00bb1&#8243; _builder_version=\u00bb4.25.1&#8243; _module_preset=\u00bbdefault\u00bb background_image=\u00bbhttps:\/\/jimrichard.be\/wp-content\/uploads\/2024\/06\/1-1.gif\u00bb global_colors_info=\u00bb{}\u00bb][et_pb_row _builder_version=\u00bb4.25.1&#8243; _module_preset=\u00bbdefault\u00bb global_colors_info=\u00bb{}\u00bb][et_pb_column type=\u00bb4_4&#8243; _builder_version=\u00bb4.25.1&#8243; _module_preset=\u00bbdefault\u00bb global_colors_info=\u00bb{}\u00bb][et_pb_text _builder_version=\u00bb4.25.1&#8243; _module_preset=\u00bbdefault\u00bb text_text_color=\u00bb#FFFFFF\u00bb global_colors_info=\u00bb{}\u00bb][\/et_pb_text][et_pb_text _builder_version=\u00bb4.25.1&#8243; _module_preset=\u00bbdefault\u00bb header_font=\u00bb|800|||||||\u00bb header_text_color=\u00bb#FFFFFF\u00bb header_font_size=\u00bb40px\u00bb custom_margin=\u00bb-16px|||||\u00bb global_colors_info=\u00bb{}\u00bb]<\/p>\n<h1>Condiciones generales<\/h1>\n<p>[\/et_pb_text][\/et_pb_column][\/et_pb_row][\/et_pb_section][et_pb_section fb_built=\u00bb1&#8243; _builder_version=\u00bb4.25.1&#8243; _module_preset=\u00bbdefault\u00bb use_background_color_gradient=\u00bbon\u00bb background_color_gradient_stops=\u00bb#ffffff 35%|rgba(255,255,255,0.35) 99%\u00bb background_color_gradient_overlays_image=\u00bbon\u00bb background_image=\u00bbhttps:\/\/jimrichard.be\/wp-content\/uploads\/2024\/07\/2604.jpg\u00bb custom_padding=\u00bb||10px|||\u00bb global_colors_info=\u00bb{}\u00bb][et_pb_row _builder_version=\u00bb4.25.1&#8243; _module_preset=\u00bbdefault\u00bb global_colors_info=\u00bb{}\u00bb][et_pb_column type=\u00bb4_4&#8243; _builder_version=\u00bb4.25.1&#8243; _module_preset=\u00bbdefault\u00bb global_colors_info=\u00bb{}\u00bb][et_pb_text _builder_version=\u00bb4.25.1&#8243; _module_preset=\u00bbdefault\u00bb text_font_size=\u00bb16px\u00bb header_font=\u00bb|700|||||||\u00bb header_font_size=\u00bb36px\u00bb header_3_font=\u00bb||||||||\u00bb header_3_font_size=\u00bb17px\u00bb global_colors_info=\u00bb{}\u00bb]<\/p>\n<h1>Condiciones generales de aplicaci\u00f3n<\/h1>\n<h3>Lee atentamente<\/h3>\n<p>&nbsp;<\/p>\n<p>[\/et_pb_text][et_pb_text _builder_version=\u00bb4.25.1&#8243; _module_preset=\u00bbdefault\u00bb text_font_size=\u00bb16px\u00bb custom_margin=\u00bb-31px|||||\u00bb global_colors_info=\u00bb{}\u00bb]<\/p>\n<p>Aqu\u00ed encontrar\u00e1 toda la informaci\u00f3n necesaria sobre nuestros servicios, horarios, pol\u00edticas de privacidad y modalidades de pago. Le animamos a leer detenidamente estas condiciones para garantizar una experiencia \u00f3ptima y transparente durante sus sesiones de terapia hol\u00edstica. Para cualquier pregunta o solicitud espec\u00edfica, no dude en contactarnos.  <\/p>\n<p>[\/et_pb_text][\/et_pb_column][\/et_pb_row][et_pb_row _builder_version=\u00bb4.25.1&#8243; _module_preset=\u00bbdefault\u00bb custom_padding=\u00bb7px|||||\u00bb global_colors_info=\u00bb{}\u00bb][et_pb_column type=\u00bb4_4&#8243; _builder_version=\u00bb4.25.1&#8243; _module_preset=\u00bbdefault\u00bb global_colors_info=\u00bb{}\u00bb][et_pb_text _builder_version=\u00bb4.25.1&#8243; _module_preset=\u00bbdefault\u00bb text_line_height=\u00bb1.4em\u00bb header_2_text_color=\u00bb#0C71C3&#8243; header_3_font=\u00bb|700|||||||\u00bb header_3_text_color=\u00bb#0C71C3&#8243; global_colors_info=\u00bb{}\u00bb]<\/p>\n<h2><strong>Responsabilidad<\/strong><\/h2>\n<ol>\n<li>La sanaci\u00f3n energ\u00e9tica o la sesi\u00f3n espiritual forman parte del campo de las terapias blandas o alternativas, en ning\u00fan modo de la medicina tradicional occidental. Esto significa que estos servicios nunca reemplazan el tratamiento m\u00e9dico o psicol\u00f3gico sino que son complementarios. <\/li>\n<li>Soy responsable del entorno y de cualquier palabra pronunciada durante una sesi\u00f3n o capacitaci\u00f3n. Mi responsabilidad termina ah\u00ed. El consultante es en todo momento due\u00f1o y responsable tanto de sus palabras como de sus actos durante la sesi\u00f3n y fuera de ella.  <\/li>\n<li>No se tolera el abuso f\u00edsico o verbal.<\/li>\n<\/ol>\n<p>[\/et_pb_text][et_pb_text _builder_version=\u00bb4.25.1&#8243; _module_preset=\u00bbdefault\u00bb text_line_height=\u00bb1.4em\u00bb header_2_text_color=\u00bb#0C71C3&#8243; header_3_font=\u00bb|700|||||||\u00bb header_3_text_color=\u00bb#0C71C3&#8243; global_colors_info=\u00bb{}\u00bb]<\/p>\n<h2><strong>Datos personales y propiedad privada<\/strong><\/h2>\n<ol>\n<li>La informaci\u00f3n del consultante o los medios que env\u00edo est\u00e1n sujetos a las leyes GDPR y copyright, seg\u00fan la normativa europea de 27 de abril de 2016. El consultor tiene derecho de acceso, rectificaci\u00f3n, portabilidad, borrado de datos, limitaci\u00f3n de tratamiento y oposici\u00f3n al tratamiento de datos por motivos leg\u00edtimos. <\/li>\n<\/ol>\n<p>[\/et_pb_text][et_pb_text _builder_version=\u00bb4.25.1&#8243; _module_preset=\u00bbdefault\u00bb text_line_height=\u00bb1.4em\u00bb header_2_text_color=\u00bb#0C71C3&#8243; header_3_font=\u00bb|700|||||||\u00bb header_3_text_color=\u00bb#0C71C3&#8243; global_colors_info=\u00bb{}\u00bb]<\/p>\n<h2><strong>Pago<\/strong><\/h2>\n<ol>\n<li>El pago de las sesiones presenciales se realiza en efectivo, \u00fanicamente en Euros, despu\u00e9s de la sesi\u00f3n.<\/li>\n<li>El pago de las sesiones online se realiza por adelantado. Sirve como confirmaci\u00f3n. Una vez recibido el pago, env\u00edo el enlace de Zoom.  <\/li>\n<li>Si el cliente desea una factura por una formaci\u00f3n, se har\u00e1 bajo petici\u00f3n.<\/li>\n<li>En l\u00ednea, acepto las siguientes monedas: euro, franco suizo, libra esterlina, d\u00f3lar estadounidense y cualquier otra moneda de un pa\u00eds que sea parte de la Uni\u00f3n Europea.<\/li>\n<li>El precio base se calcula en euros. Los precios en moneda extranjera se calculan con base en las tasas vigentes y se redondean al alza. <\/li>\n<\/ol>\n<p>[\/et_pb_text][et_pb_text _builder_version=\u00bb4.25.1&#8243; _module_preset=\u00bbdefault\u00bb text_line_height=\u00bb1.4em\u00bb header_2_text_color=\u00bb#0C71C3&#8243; header_3_font=\u00bb|700|||||||\u00bb header_3_text_color=\u00bb#0C71C3&#8243; global_colors_info=\u00bb{}\u00bb]<\/p>\n<h2><strong>Pago<\/strong><\/h2>\n<ol>\n<li>El pago de las sesiones presenciales se realiza en efectivo, \u00fanicamente en Euros, despu\u00e9s de la sesi\u00f3n.<\/li>\n<li>El pago de las sesiones online se realiza por adelantado. Sirve como confirmaci\u00f3n. Una vez recibido el pago, env\u00edo el enlace de Zoom.  <\/li>\n<li>Si el cliente desea una factura por una formaci\u00f3n, se har\u00e1 bajo petici\u00f3n.<\/li>\n<li>En l\u00ednea, acepto las siguientes monedas: euro, franco suizo, libra esterlina, d\u00f3lar estadounidense y cualquier otra moneda de un pa\u00eds que sea parte de la Uni\u00f3n Europea.<\/li>\n<li>El precio base se calcula en euros. Los precios en moneda extranjera se calculan con base en las tasas vigentes y se redondean al alza. <\/li>\n<\/ol>\n<p>[\/et_pb_text][et_pb_text _builder_version=\u00bb4.25.1&#8243; _module_preset=\u00bbdefault\u00bb text_line_height=\u00bb1.4em\u00bb header_2_text_color=\u00bb#0C71C3&#8243; header_3_font=\u00bb|700|||||||\u00bb header_3_text_color=\u00bb#0C71C3&#8243; global_colors_info=\u00bb{}\u00bb]<\/p>\n<h2><strong>En l\u00ednea<\/strong><\/h2>\n<ol>\n<li>Cualquier sesi\u00f3n o curso en l\u00ednea est\u00e1 sujeta a las leyes del Reino de B\u00e9lgica.<\/li>\n<li>No puedo ser responsable de los cortes de energ\u00eda de su parte o de la falla de su equipo.<\/li>\n<li>No se tolera el abuso f\u00edsico o verbal.<\/li>\n<li><strong>Aviso de Privacidad.<\/strong> Todas las sesiones en l\u00ednea est\u00e1n sujetas al RGPD y las leyes de derechos de autor, de acuerdo con la regulaci\u00f3n europea del 27 de abril de 2016. No se puede usar ninguna c\u00e1mara u otro equipo de filmaci\u00f3n o grabaci\u00f3n de video\/audio para capturar el audio\/la vista de las personas o el contenido de la clase en mi Zoom room sin el permiso previo de todos los participantes. <\/li>\n<li>Puedo o no grabar consultas o conferencias en base a la aprobaci\u00f3n previa de todos los participantes. Las grabaciones est\u00e1n destinadas a fines de respaldo y en caso de falla del dispositivo de un consultor. <\/li>\n<li>Cualquier grabaci\u00f3n, si se inicia, nunca se publicar\u00e1 sin el permiso por escrito de todos los participantes. Cuando se vaya a realizar una grabaci\u00f3n, lo anunciar\u00e9 (refiri\u00e9ndose al aviso de privacidad) para buscar su aprobaci\u00f3n verbal. Se debe indicar el motivo de la inscripci\u00f3n. El contenido de todas las grabaciones de audio y visuales sigue siendo propiedad del Colegio y no se puede utilizar con fines p\u00fablicos o comerciales sin autorizaci\u00f3n previa.   <\/li>\n<li>Cualquier uso p\u00fablico de las grabaciones puede tener lugar siempre que:\n<ol>\n<li>Todos los participantes han dado su permiso por escrito.<\/li>\n<li>El contenido est\u00e1 correctamente referenciado.<\/li>\n<\/ol>\n<\/li>\n<li>Me reservo el derecho de sacar a cualquier persona del entrenamiento sin causa.<\/li>\n<\/ol>\n<p>[\/et_pb_text][et_pb_text _builder_version=\u00bb4.25.1&#8243; _module_preset=\u00bbdefault\u00bb header_2_text_color=\u00bb#0C71C3&#8243; global_colors_info=\u00bb{}\u00bb]<\/p>\n<h2><strong>Cancelaci\u00f3n<\/strong><\/h2>\n<ol>\n<li><strong>Para una sesi\u00f3n: <\/strong> En caso de cancelaci\u00f3n por parte del consultor, se me debe avisar con tres d\u00edas de anticipaci\u00f3n. Despu\u00e9s de este tiempo, la sesi\u00f3n se considera debida.<\/li>\n<li><strong>Para un curso:<\/strong> En caso de cancelaci\u00f3n de la inscripci\u00f3n a una formaci\u00f3n, se me debe avisar con cinco d\u00edas de antelaci\u00f3n. Pasado este plazo, la cancelaci\u00f3n de la inscripci\u00f3n ya no se reembolsa.<\/li>\n<li>En la medida en que cancele la sesi\u00f3n o el curso, puede posponerse indefinidamente o reembolsarse por completo.<\/li>\n<li>En caso de un problema mayor justificado, examino la solicitud de cancelaci\u00f3n, conservando el derecho a elegir si se reembolsa o no o si se puede encontrar un arreglo.<\/li>\n<\/ol>\n<p>[\/et_pb_text][\/et_pb_column][\/et_pb_row][\/et_pb_section]<\/p>\n","protected":false},"excerpt":{"rendered":"<p>Condiciones generalesCondiciones generales de aplicaci\u00f3n Lee atentamente &nbsp;Aqu\u00ed encontrar\u00e1 toda la informaci\u00f3n necesaria sobre nuestros servicios, horarios, pol\u00edticas de privacidad y modalidades de pago. Le animamos a leer detenidamente estas condiciones para garantizar una experiencia \u00f3ptima y transparente durante sus sesiones de terapia hol\u00edstica. Para cualquier pregunta o solicitud espec\u00edfica, no dude en contactarnos. Responsabilidad La sanaci\u00f3n energ\u00e9tica o la sesi\u00f3n espiritual forman parte del campo de las terapias blandas o alternativas, en ning\u00fan modo de la medicina tradicional occidental. Esto significa que estos servicios nunca reemplazan el tratamiento m\u00e9dico o psicol\u00f3gico sino que son complementarios. Soy responsable del entorno y de cualquier palabra pronunciada durante una sesi\u00f3n o capacitaci\u00f3n. Mi responsabilidad termina ah\u00ed. El consultante es en todo momento due\u00f1o y responsable tanto de sus palabras como de sus actos durante la sesi\u00f3n y fuera de ella. No se tolera el abuso f\u00edsico o verbal. Datos personales y propiedad privada La informaci\u00f3n del consultante o los medios que env\u00edo est\u00e1n sujetos a las leyes GDPR y copyright, seg\u00fan la normativa europea de 27 de abril de 2016. El consultor tiene derecho de acceso, rectificaci\u00f3n, portabilidad, borrado de datos, limitaci\u00f3n de tratamiento y oposici\u00f3n al tratamiento de datos por motivos [&hellip;]<\/p>\n","protected":false},"author":1,"featured_media":0,"parent":0,"menu_order":0,"comment_status":"closed","ping_status":"closed","template":"","meta":{"_et_pb_use_builder":"on","_et_pb_old_content":"","_et_gb_content_width":"","_price":"","_stock":"","_tribe_ticket_header":"","_tribe_default_ticket_provider":"","_ticket_start_date":"","_ticket_end_date":"","_tribe_ticket_show_description":"","_tribe_ticket_show_not_going":false,"_tribe_ticket_use_global_stock":"","_tribe_ticket_global_stock_level":"","_global_stock_mode":"","_global_stock_cap":"","_tribe_rsvp_for_event":"","_tribe_ticket_going_count":"","_tribe_ticket_not_going_count":"","_tribe_tickets_list":"[]","_tribe_ticket_has_attendee_info_fields":false,"footnotes":"","_tec_slr_enabled":"","_tec_slr_layout":""},"class_list":["post-226477","page","type-page","status-publish","hentry"],"yoast_head":"<!-- This site is optimized with the Yoast SEO plugin v26.9 - https:\/\/yoast.com\/product\/yoast-seo-wordpress\/ -->\n<title>Condiciones generales - Jim Richard - Th\u00e9rapeute Holistique.<\/title>\n<meta name=\"robots\" content=\"index, follow, max-snippet:-1, max-image-preview:large, max-video-preview:-1\" \/>\n<link rel=\"canonical\" href=\"https:\/\/jimrichard.be\/conditions-generales\/\" \/>\n<meta property=\"og:locale\" content=\"es_ES\" \/>\n<meta property=\"og:type\" content=\"article\" \/>\n<meta property=\"og:title\" content=\"Condiciones generales - Jim Richard - Th\u00e9rapeute Holistique.\" \/>\n<meta property=\"og:description\" content=\"Condiciones generalesCondiciones generales de aplicaci\u00f3n Lee atentamente &nbsp;Aqu\u00ed encontrar\u00e1 toda la informaci\u00f3n necesaria sobre nuestros servicios, horarios, pol\u00edticas de privacidad y modalidades de pago. Le animamos a leer detenidamente estas condiciones para garantizar una experiencia \u00f3ptima y transparente durante sus sesiones de terapia hol\u00edstica. Para cualquier pregunta o solicitud espec\u00edfica, no dude en contactarnos. Responsabilidad La sanaci\u00f3n energ\u00e9tica o la sesi\u00f3n espiritual forman parte del campo de las terapias blandas o alternativas, en ning\u00fan modo de la medicina tradicional occidental. Esto significa que estos servicios nunca reemplazan el tratamiento m\u00e9dico o psicol\u00f3gico sino que son complementarios. Soy responsable del entorno y de cualquier palabra pronunciada durante una sesi\u00f3n o capacitaci\u00f3n. Mi responsabilidad termina ah\u00ed. El consultante es en todo momento due\u00f1o y responsable tanto de sus palabras como de sus actos durante la sesi\u00f3n y fuera de ella. No se tolera el abuso f\u00edsico o verbal. Datos personales y propiedad privada La informaci\u00f3n del consultante o los medios que env\u00edo est\u00e1n sujetos a las leyes GDPR y copyright, seg\u00fan la normativa europea de 27 de abril de 2016. El consultor tiene derecho de acceso, rectificaci\u00f3n, portabilidad, borrado de datos, limitaci\u00f3n de tratamiento y oposici\u00f3n al tratamiento de datos por motivos [&hellip;]\" \/>\n<meta property=\"og:url\" content=\"https:\/\/jimrichard.be\/conditions-generales\/\" \/>\n<meta property=\"og:site_name\" content=\"Jim Richard - Th\u00e9rapeute Holistique.\" \/>\n<meta property=\"article:publisher\" content=\"https:\/\/www.facebook.com\/jimrichardspirit\/\" \/>\n<meta property=\"article:modified_time\" content=\"2024-10-25T09:58:04+00:00\" \/>\n<meta name=\"twitter:card\" content=\"summary_large_image\" \/>\n<meta name=\"twitter:label1\" content=\"Tiempo de lectura\" \/>\n\t<meta name=\"twitter:data1\" content=\"6 minutos\" \/>\n<script type=\"application\/ld+json\" class=\"yoast-schema-graph\">{\"@context\":\"https:\/\/schema.org\",\"@graph\":[{\"@type\":\"WebPage\",\"@id\":\"https:\/\/jimrichard.be\/conditions-generales\/\",\"url\":\"https:\/\/jimrichard.be\/conditions-generales\/\",\"name\":\"Condiciones generales - Jim Richard - Th\u00e9rapeute Holistique.\",\"isPartOf\":{\"@id\":\"https:\/\/jimrichard.be\/#website\"},\"datePublished\":\"2024-07-03T08:57:40+00:00\",\"dateModified\":\"2024-10-25T09:58:04+00:00\",\"breadcrumb\":{\"@id\":\"https:\/\/jimrichard.be\/conditions-generales\/#breadcrumb\"},\"inLanguage\":\"es\",\"potentialAction\":[{\"@type\":\"ReadAction\",\"target\":[\"https:\/\/jimrichard.be\/conditions-generales\/\"]}]},{\"@type\":\"BreadcrumbList\",\"@id\":\"https:\/\/jimrichard.be\/conditions-generales\/#breadcrumb\",\"itemListElement\":[{\"@type\":\"ListItem\",\"position\":1,\"name\":\"Accueil\",\"item\":\"https:\/\/jimrichard.be\/\"},{\"@type\":\"ListItem\",\"position\":2,\"name\":\"Condiciones generales\"}]},{\"@type\":\"WebSite\",\"@id\":\"https:\/\/jimrichard.be\/#website\",\"url\":\"https:\/\/jimrichard.be\/\",\"name\":\"Jim Richard - Th\u00e9rapeute Holistique.\",\"description\":\"Retrouvez l&#039;Harmonie : Bien-\u00catre et Clart\u00e9 dans Votre Vie et Votre Maison\",\"publisher\":{\"@id\":\"https:\/\/jimrichard.be\/#organization\"},\"potentialAction\":[{\"@type\":\"SearchAction\",\"target\":{\"@type\":\"EntryPoint\",\"urlTemplate\":\"https:\/\/jimrichard.be\/?s={search_term_string}\"},\"query-input\":{\"@type\":\"PropertyValueSpecification\",\"valueRequired\":true,\"valueName\":\"search_term_string\"}}],\"inLanguage\":\"es\"},{\"@type\":\"Organization\",\"@id\":\"https:\/\/jimrichard.be\/#organization\",\"name\":\"Jim Richard - Th\u00e9rapeute Holistique.\",\"url\":\"https:\/\/jimrichard.be\/\",\"logo\":{\"@type\":\"ImageObject\",\"inLanguage\":\"es\",\"@id\":\"https:\/\/jimrichard.be\/#\/schema\/logo\/image\/\",\"url\":\"https:\/\/jimrichard.be\/wp-content\/uploads\/2024\/06\/cropped-favicon-JR.png\",\"contentUrl\":\"https:\/\/jimrichard.be\/wp-content\/uploads\/2024\/06\/cropped-favicon-JR.png\",\"width\":512,\"height\":512,\"caption\":\"Jim Richard - Th\u00e9rapeute Holistique.\"},\"image\":{\"@id\":\"https:\/\/jimrichard.be\/#\/schema\/logo\/image\/\"},\"sameAs\":[\"https:\/\/www.facebook.com\/jimrichardspirit\/\",\"https:\/\/www.instagram.com\/jimrichardliberi\/\"]}]}<\/script>\n<!-- \/ Yoast SEO plugin. -->","yoast_head_json":{"title":"Condiciones generales - Jim Richard - Th\u00e9rapeute Holistique.","robots":{"index":"index","follow":"follow","max-snippet":"max-snippet:-1","max-image-preview":"max-image-preview:large","max-video-preview":"max-video-preview:-1"},"canonical":"https:\/\/jimrichard.be\/conditions-generales\/","og_locale":"es_ES","og_type":"article","og_title":"Condiciones generales - Jim Richard - Th\u00e9rapeute Holistique.","og_description":"Condiciones generalesCondiciones generales de aplicaci\u00f3n Lee atentamente &nbsp;Aqu\u00ed encontrar\u00e1 toda la informaci\u00f3n necesaria sobre nuestros servicios, horarios, pol\u00edticas de privacidad y modalidades de pago. Le animamos a leer detenidamente estas condiciones para garantizar una experiencia \u00f3ptima y transparente durante sus sesiones de terapia hol\u00edstica. Para cualquier pregunta o solicitud espec\u00edfica, no dude en contactarnos. Responsabilidad La sanaci\u00f3n energ\u00e9tica o la sesi\u00f3n espiritual forman parte del campo de las terapias blandas o alternativas, en ning\u00fan modo de la medicina tradicional occidental. Esto significa que estos servicios nunca reemplazan el tratamiento m\u00e9dico o psicol\u00f3gico sino que son complementarios. Soy responsable del entorno y de cualquier palabra pronunciada durante una sesi\u00f3n o capacitaci\u00f3n. Mi responsabilidad termina ah\u00ed. El consultante es en todo momento due\u00f1o y responsable tanto de sus palabras como de sus actos durante la sesi\u00f3n y fuera de ella. No se tolera el abuso f\u00edsico o verbal. Datos personales y propiedad privada La informaci\u00f3n del consultante o los medios que env\u00edo est\u00e1n sujetos a las leyes GDPR y copyright, seg\u00fan la normativa europea de 27 de abril de 2016. El consultor tiene derecho de acceso, rectificaci\u00f3n, portabilidad, borrado de datos, limitaci\u00f3n de tratamiento y oposici\u00f3n al tratamiento de datos por motivos [&hellip;]","og_url":"https:\/\/jimrichard.be\/conditions-generales\/","og_site_name":"Jim Richard - Th\u00e9rapeute Holistique.","article_publisher":"https:\/\/www.facebook.com\/jimrichardspirit\/","article_modified_time":"2024-10-25T09:58:04+00:00","twitter_card":"summary_large_image","twitter_misc":{"Tiempo de lectura":"6 minutos"},"schema":{"@context":"https:\/\/schema.org","@graph":[{"@type":"WebPage","@id":"https:\/\/jimrichard.be\/conditions-generales\/","url":"https:\/\/jimrichard.be\/conditions-generales\/","name":"Condiciones generales - Jim Richard - Th\u00e9rapeute Holistique.","isPartOf":{"@id":"https:\/\/jimrichard.be\/#website"},"datePublished":"2024-07-03T08:57:40+00:00","dateModified":"2024-10-25T09:58:04+00:00","breadcrumb":{"@id":"https:\/\/jimrichard.be\/conditions-generales\/#breadcrumb"},"inLanguage":"es","potentialAction":[{"@type":"ReadAction","target":["https:\/\/jimrichard.be\/conditions-generales\/"]}]},{"@type":"BreadcrumbList","@id":"https:\/\/jimrichard.be\/conditions-generales\/#breadcrumb","itemListElement":[{"@type":"ListItem","position":1,"name":"Accueil","item":"https:\/\/jimrichard.be\/"},{"@type":"ListItem","position":2,"name":"Condiciones generales"}]},{"@type":"WebSite","@id":"https:\/\/jimrichard.be\/#website","url":"https:\/\/jimrichard.be\/","name":"Jim Richard - Th\u00e9rapeute Holistique.","description":"Retrouvez l&#039;Harmonie : Bien-\u00catre et Clart\u00e9 dans Votre Vie et Votre Maison","publisher":{"@id":"https:\/\/jimrichard.be\/#organization"},"potentialAction":[{"@type":"SearchAction","target":{"@type":"EntryPoint","urlTemplate":"https:\/\/jimrichard.be\/?s={search_term_string}"},"query-input":{"@type":"PropertyValueSpecification","valueRequired":true,"valueName":"search_term_string"}}],"inLanguage":"es"},{"@type":"Organization","@id":"https:\/\/jimrichard.be\/#organization","name":"Jim Richard - Th\u00e9rapeute Holistique.","url":"https:\/\/jimrichard.be\/","logo":{"@type":"ImageObject","inLanguage":"es","@id":"https:\/\/jimrichard.be\/#\/schema\/logo\/image\/","url":"https:\/\/jimrichard.be\/wp-content\/uploads\/2024\/06\/cropped-favicon-JR.png","contentUrl":"https:\/\/jimrichard.be\/wp-content\/uploads\/2024\/06\/cropped-favicon-JR.png","width":512,"height":512,"caption":"Jim Richard - Th\u00e9rapeute Holistique."},"image":{"@id":"https:\/\/jimrichard.be\/#\/schema\/logo\/image\/"},"sameAs":["https:\/\/www.facebook.com\/jimrichardspirit\/","https:\/\/www.instagram.com\/jimrichardliberi\/"]}]}},"jetpack_sharing_enabled":true,"ticketed":false,"_links":{"self":[{"href":"https:\/\/jimrichard.be\/es\/wp-json\/wp\/v2\/pages\/226477","targetHints":{"allow":["GET"]}}],"collection":[{"href":"https:\/\/jimrichard.be\/es\/wp-json\/wp\/v2\/pages"}],"about":[{"href":"https:\/\/jimrichard.be\/es\/wp-json\/wp\/v2\/types\/page"}],"author":[{"embeddable":true,"href":"https:\/\/jimrichard.be\/es\/wp-json\/wp\/v2\/users\/1"}],"replies":[{"embeddable":true,"href":"https:\/\/jimrichard.be\/es\/wp-json\/wp\/v2\/comments?post=226477"}],"version-history":[{"count":1,"href":"https:\/\/jimrichard.be\/es\/wp-json\/wp\/v2\/pages\/226477\/revisions"}],"predecessor-version":[{"id":226752,"href":"https:\/\/jimrichard.be\/es\/wp-json\/wp\/v2\/pages\/226477\/revisions\/226752"}],"wp:attachment":[{"href":"https:\/\/jimrichard.be\/es\/wp-json\/wp\/v2\/media?parent=226477"}],"curies":[{"name":"wp","href":"https:\/\/api.w.org\/{rel}","templated":true}]}}