{"id":226457,"date":"2024-06-06T09:33:08","date_gmt":"2024-06-06T07:33:08","guid":{"rendered":"https:\/\/jimrichard.be\/blog\/"},"modified":"2024-09-17T12:27:07","modified_gmt":"2024-09-17T10:27:07","slug":"blog","status":"publish","type":"page","link":"https:\/\/jimrichard.be\/es\/blog\/","title":{"rendered":"Blog"},"content":{"rendered":"<p>[et_pb_section fb_built=\u00bb1&#8243; admin_label=\u00bbBlog\u00bb _builder_version=\u00bb4.22.0&#8243; _module_preset=\u00bbdefault\u00bb collapsed=\u00bbon\u00bb global_colors_info=\u00bb{}\u00bb][et_pb_row _builder_version=\u00bb4.22.0&#8243; _module_preset=\u00bbdefault\u00bb global_colors_info=\u00bb{}\u00bb][et_pb_column type=\u00bb4_4&#8243; _builder_version=\u00bb4.22.0&#8243; _module_preset=\u00bbdefault\u00bb global_colors_info=\u00bb{}\u00bb][et_pb_text _builder_version=\u00bb4.22.0&#8243; _module_preset=\u00bbb3fdb05a-3519-4e26-a857-78f53b965223&#8243; global_colors_info=\u00bb{}\u00bb]<\/p>\n<h1>Blog<\/h1>\n<p>[\/et_pb_text][\/et_pb_column][\/et_pb_row][et_pb_row column_structure=\u00bb2_3,1_3&#8243; _builder_version=\u00bb4.22.0&#8243; _module_preset=\u00bbdefault\u00bb global_colors_info=\u00bb{}\u00bb][et_pb_column type=\u00bb2_3&#8243; _builder_version=\u00bb4.22.0&#8243; _module_preset=\u00bbdefault\u00bb global_colors_info=\u00bb{}\u00bb][et_pb_post_slider posts_number=\u00bb3&#8243; show_meta=\u00bboff\u00bb _builder_version=\u00bb4.25.1&#8243; _module_preset=\u00bb74094837-aa92-46d6-99e5-129efafe6831&#8243; header_font=\u00bb&#8211;et_global_heading_font||||||||\u00bb body_font=\u00bb&#8211;et_global_body_font||||||||\u00bb background_enable_color=\u00bboff\u00bb button_text_size=\u00bb18px\u00bb button_text_color=\u00bb#FFFFFF\u00bb button_border_width=\u00bb1px\u00bb button_border_color=\u00bb#FFFFFF\u00bb button_font=\u00bb&#8211;et_global_heading_font|800|||||||\u00bb button_icon=\u00bb&#x24;||divi||400&#8243; hover_enabled=\u00bb0&#8243; locked=\u00bboff\u00bb global_colors_info=\u00bb{%22gcid-a78648ce-ca5f-47d7-a6a2-1ba9801e969b%22:%91%22meta_text_color%22,%22meta_text_color%22%93}\u00bb button_bg_color=\u00bbRGBA(255,255,255,0)\u00bb button_bg_enable_color=\u00bbon\u00bb sticky_enabled=\u00bb0&#8243; button_border_radius=\u00bb78px\u00bb][\/et_pb_post_slider][\/et_pb_column][et_pb_column type=\u00bb1_3&#8243; _builder_version=\u00bb4.22.0&#8243; _module_preset=\u00bbdefault\u00bb global_colors_info=\u00bb{}\u00bb][et_pb_blog posts_number=\u00bb3&#8243; show_thumbnail=\u00bboff\u00bb use_manual_excerpt=\u00bboff\u00bb excerpt_length=\u00bb100&#8243; show_author=\u00bboff\u00bb show_date=\u00bboff\u00bb show_categories=\u00bboff\u00bb show_pagination=\u00bboff\u00bb _builder_version=\u00bb4.25.1&#8243; _module_preset=\u00bba00a8f12-b412-4461-8723-0431ba969346&#8243; header_font=\u00bb&#8211;et_global_heading_font|600|||||||\u00bb read_more_font=\u00bb&#8211;et_global_heading_font|600|||||||\u00bb hover_enabled=\u00bb0&#8243; locked=\u00bboff\u00bb global_colors_info=\u00bb{}\u00bb disabled_on=\u00bbon|off|off\u00bb sticky_enabled=\u00bb0&#8243;][\/et_pb_blog][\/et_pb_column][\/et_pb_row][et_pb_row _builder_version=\u00bb4.22.0&#8243; _module_preset=\u00bbdefault\u00bb global_colors_info=\u00bb{}\u00bb][et_pb_column type=\u00bb4_4&#8243; _builder_version=\u00bb4.22.0&#8243; _module_preset=\u00bbdefault\u00bb global_colors_info=\u00bb{}\u00bb][et_pb_blog posts_number=\u00bb3&#8243; show_author=\u00bboff\u00bb _builder_version=\u00bb4.22.0&#8243; _module_preset=\u00bba00a8f12-b412-4461-8723-0431ba969346&#8243; locked=\u00bboff\u00bb global_colors_info=\u00bb{}\u00bb][\/et_pb_blog][\/et_pb_column][\/et_pb_row][\/et_pb_section]<\/p>\n","protected":false},"excerpt":{"rendered":"<p>Blog<\/p>\n","protected":false},"author":1,"featured_media":0,"parent":0,"menu_order":0,"comment_status":"closed","ping_status":"closed","template":"","meta":{"_et_pb_use_builder":"on","_et_pb_old_content":"","_et_gb_content_width":"","_price":"","_stock":"","_tribe_ticket_header":"","_tribe_default_ticket_provider":"","_ticket_start_date":"","_ticket_end_date":"","_tribe_ticket_show_description":"","_tribe_ticket_show_not_going":false,"_tribe_ticket_use_global_stock":"","_tribe_ticket_global_stock_level":"","_global_stock_mode":"","_global_stock_cap":"","_tribe_rsvp_for_event":"","_tribe_ticket_going_count":"","_tribe_ticket_not_going_count":"","_tribe_tickets_list":"[]","_tribe_ticket_has_attendee_info_fields":false,"footnotes":"","_tec_slr_enabled":"","_tec_slr_layout":""},"class_list":["post-226457","page","type-page","status-publish","hentry"],"yoast_head":"<!-- This site is optimized with the Yoast SEO plugin v26.9 - https:\/\/yoast.com\/product\/yoast-seo-wordpress\/ -->\n<title>Blog - Jim Richard - Th\u00e9rapeute Holistique.<\/title>\n<meta name=\"robots\" content=\"index, follow, max-snippet:-1, max-image-preview:large, max-video-preview:-1\" \/>\n<link rel=\"canonical\" href=\"https:\/\/jimrichard.be\/es\/blog\/\" \/>\n<meta property=\"og:locale\" content=\"es_ES\" \/>\n<meta property=\"og:type\" content=\"article\" \/>\n<meta property=\"og:title\" content=\"Blog - Jim Richard - Th\u00e9rapeute Holistique.\" \/>\n<meta property=\"og:description\" content=\"Blog\" \/>\n<meta property=\"og:url\" content=\"https:\/\/jimrichard.be\/es\/blog\/\" \/>\n<meta property=\"og:site_name\" content=\"Jim Richard - Th\u00e9rapeute Holistique.\" \/>\n<meta property=\"article:publisher\" content=\"https:\/\/www.facebook.com\/jimrichardspirit\/\" \/>\n<meta property=\"article:modified_time\" content=\"2024-09-17T10:27:07+00:00\" \/>\n<meta name=\"twitter:card\" content=\"summary_large_image\" \/>\n<meta name=\"twitter:label1\" content=\"Tiempo de lectura\" \/>\n\t<meta name=\"twitter:data1\" content=\"2 minutos\" \/>\n<script type=\"application\/ld+json\" class=\"yoast-schema-graph\">{\"@context\":\"https:\/\/schema.org\",\"@graph\":[{\"@type\":\"WebPage\",\"@id\":\"https:\/\/jimrichard.be\/es\/blog\/\",\"url\":\"https:\/\/jimrichard.be\/es\/blog\/\",\"name\":\"Blog - Jim Richard - Th\u00e9rapeute Holistique.\",\"isPartOf\":{\"@id\":\"https:\/\/jimrichard.be\/#website\"},\"datePublished\":\"2024-06-06T07:33:08+00:00\",\"dateModified\":\"2024-09-17T10:27:07+00:00\",\"breadcrumb\":{\"@id\":\"https:\/\/jimrichard.be\/es\/blog\/#breadcrumb\"},\"inLanguage\":\"es\",\"potentialAction\":[{\"@type\":\"ReadAction\",\"target\":[\"https:\/\/jimrichard.be\/es\/blog\/\"]}]},{\"@type\":\"BreadcrumbList\",\"@id\":\"https:\/\/jimrichard.be\/es\/blog\/#breadcrumb\",\"itemListElement\":[{\"@type\":\"ListItem\",\"position\":1,\"name\":\"Accueil\",\"item\":\"https:\/\/jimrichard.be\/\"},{\"@type\":\"ListItem\",\"position\":2,\"name\":\"Blog\"}]},{\"@type\":\"WebSite\",\"@id\":\"https:\/\/jimrichard.be\/#website\",\"url\":\"https:\/\/jimrichard.be\/\",\"name\":\"Jim Richard - Th\u00e9rapeute Holistique.\",\"description\":\"Retrouvez l&#039;Harmonie : Bien-\u00catre et Clart\u00e9 dans Votre Vie et Votre Maison\",\"publisher\":{\"@id\":\"https:\/\/jimrichard.be\/#organization\"},\"potentialAction\":[{\"@type\":\"SearchAction\",\"target\":{\"@type\":\"EntryPoint\",\"urlTemplate\":\"https:\/\/jimrichard.be\/?s={search_term_string}\"},\"query-input\":{\"@type\":\"PropertyValueSpecification\",\"valueRequired\":true,\"valueName\":\"search_term_string\"}}],\"inLanguage\":\"es\"},{\"@type\":\"Organization\",\"@id\":\"https:\/\/jimrichard.be\/#organization\",\"name\":\"Jim Richard - Th\u00e9rapeute Holistique.\",\"url\":\"https:\/\/jimrichard.be\/\",\"logo\":{\"@type\":\"ImageObject\",\"inLanguage\":\"es\",\"@id\":\"https:\/\/jimrichard.be\/#\/schema\/logo\/image\/\",\"url\":\"https:\/\/jimrichard.be\/wp-content\/uploads\/2024\/06\/cropped-favicon-JR.png\",\"contentUrl\":\"https:\/\/jimrichard.be\/wp-content\/uploads\/2024\/06\/cropped-favicon-JR.png\",\"width\":512,\"height\":512,\"caption\":\"Jim Richard - Th\u00e9rapeute Holistique.\"},\"image\":{\"@id\":\"https:\/\/jimrichard.be\/#\/schema\/logo\/image\/\"},\"sameAs\":[\"https:\/\/www.facebook.com\/jimrichardspirit\/\",\"https:\/\/www.instagram.com\/jimrichardliberi\/\"]}]}<\/script>\n<!-- \/ Yoast SEO plugin. -->","yoast_head_json":{"title":"Blog - Jim Richard - Th\u00e9rapeute Holistique.","robots":{"index":"index","follow":"follow","max-snippet":"max-snippet:-1","max-image-preview":"max-image-preview:large","max-video-preview":"max-video-preview:-1"},"canonical":"https:\/\/jimrichard.be\/es\/blog\/","og_locale":"es_ES","og_type":"article","og_title":"Blog - Jim Richard - Th\u00e9rapeute Holistique.","og_description":"Blog","og_url":"https:\/\/jimrichard.be\/es\/blog\/","og_site_name":"Jim Richard - Th\u00e9rapeute Holistique.","article_publisher":"https:\/\/www.facebook.com\/jimrichardspirit\/","article_modified_time":"2024-09-17T10:27:07+00:00","twitter_card":"summary_large_image","twitter_misc":{"Tiempo de lectura":"2 minutos"},"schema":{"@context":"https:\/\/schema.org","@graph":[{"@type":"WebPage","@id":"https:\/\/jimrichard.be\/es\/blog\/","url":"https:\/\/jimrichard.be\/es\/blog\/","name":"Blog - Jim Richard - Th\u00e9rapeute Holistique.","isPartOf":{"@id":"https:\/\/jimrichard.be\/#website"},"datePublished":"2024-06-06T07:33:08+00:00","dateModified":"2024-09-17T10:27:07+00:00","breadcrumb":{"@id":"https:\/\/jimrichard.be\/es\/blog\/#breadcrumb"},"inLanguage":"es","potentialAction":[{"@type":"ReadAction","target":["https:\/\/jimrichard.be\/es\/blog\/"]}]},{"@type":"BreadcrumbList","@id":"https:\/\/jimrichard.be\/es\/blog\/#breadcrumb","itemListElement":[{"@type":"ListItem","position":1,"name":"Accueil","item":"https:\/\/jimrichard.be\/"},{"@type":"ListItem","position":2,"name":"Blog"}]},{"@type":"WebSite","@id":"https:\/\/jimrichard.be\/#website","url":"https:\/\/jimrichard.be\/","name":"Jim Richard - Th\u00e9rapeute Holistique.","description":"Retrouvez l&#039;Harmonie : Bien-\u00catre et Clart\u00e9 dans Votre Vie et Votre Maison","publisher":{"@id":"https:\/\/jimrichard.be\/#organization"},"potentialAction":[{"@type":"SearchAction","target":{"@type":"EntryPoint","urlTemplate":"https:\/\/jimrichard.be\/?s={search_term_string}"},"query-input":{"@type":"PropertyValueSpecification","valueRequired":true,"valueName":"search_term_string"}}],"inLanguage":"es"},{"@type":"Organization","@id":"https:\/\/jimrichard.be\/#organization","name":"Jim Richard - Th\u00e9rapeute Holistique.","url":"https:\/\/jimrichard.be\/","logo":{"@type":"ImageObject","inLanguage":"es","@id":"https:\/\/jimrichard.be\/#\/schema\/logo\/image\/","url":"https:\/\/jimrichard.be\/wp-content\/uploads\/2024\/06\/cropped-favicon-JR.png","contentUrl":"https:\/\/jimrichard.be\/wp-content\/uploads\/2024\/06\/cropped-favicon-JR.png","width":512,"height":512,"caption":"Jim Richard - Th\u00e9rapeute Holistique."},"image":{"@id":"https:\/\/jimrichard.be\/#\/schema\/logo\/image\/"},"sameAs":["https:\/\/www.facebook.com\/jimrichardspirit\/","https:\/\/www.instagram.com\/jimrichardliberi\/"]}]}},"jetpack_sharing_enabled":true,"ticketed":false,"_links":{"self":[{"href":"https:\/\/jimrichard.be\/es\/wp-json\/wp\/v2\/pages\/226457","targetHints":{"allow":["GET"]}}],"collection":[{"href":"https:\/\/jimrichard.be\/es\/wp-json\/wp\/v2\/pages"}],"about":[{"href":"https:\/\/jimrichard.be\/es\/wp-json\/wp\/v2\/types\/page"}],"author":[{"embeddable":true,"href":"https:\/\/jimrichard.be\/es\/wp-json\/wp\/v2\/users\/1"}],"replies":[{"embeddable":true,"href":"https:\/\/jimrichard.be\/es\/wp-json\/wp\/v2\/comments?post=226457"}],"version-history":[{"count":0,"href":"https:\/\/jimrichard.be\/es\/wp-json\/wp\/v2\/pages\/226457\/revisions"}],"wp:attachment":[{"href":"https:\/\/jimrichard.be\/es\/wp-json\/wp\/v2\/media?parent=226457"}],"curies":[{"name":"wp","href":"https:\/\/api.w.org\/{rel}","templated":true}]}}