{"id":226299,"date":"2024-06-14T11:07:08","date_gmt":"2024-06-14T09:07:08","guid":{"rendered":"https:\/\/jimrichard.be\/mediumship\/"},"modified":"2026-01-10T01:37:07","modified_gmt":"2026-01-10T00:37:07","slug":"mediumship","status":"publish","type":"page","link":"https:\/\/jimrichard.be\/en\/mediumship\/","title":{"rendered":"Mediumship"},"content":{"rendered":"<p>[et_pb_section fb_built=&#8221;1&#8243; _builder_version=&#8221;4.25.1&#8243; _module_preset=&#8221;default&#8221; background_image=&#8221;https:\/\/jimrichard.be\/wp-content\/uploads\/2024\/06\/3A-1.gif&#8221; global_colors_info=&#8221;{}&#8221;][et_pb_row _builder_version=&#8221;4.25.1&#8243; _module_preset=&#8221;default&#8221; global_colors_info=&#8221;{}&#8221;][et_pb_column type=&#8221;4_4&#8243; _builder_version=&#8221;4.25.1&#8243; _module_preset=&#8221;default&#8221; global_colors_info=&#8221;{}&#8221;][et_pb_text _builder_version=&#8221;4.25.1&#8243; _module_preset=&#8221;default&#8221; text_text_color=&#8221;#FFFFFF&#8221; global_colors_info=&#8221;{}&#8221;]<\/p>\n<p>SERVICES<\/p>\n<p>[\/et_pb_text][et_pb_text _builder_version=&#8221;4.25.1&#8243; _module_preset=&#8221;default&#8221; header_font=&#8221;|800|||||||&#8221; header_text_color=&#8221;#FFFFFF&#8221; header_font_size=&#8221;40px&#8221; custom_margin=&#8221;-16px|||||&#8221; global_colors_info=&#8221;{}&#8221;]<\/p>\n<h1>Mediumship <\/h1>\n<p>[\/et_pb_text][\/et_pb_column][\/et_pb_row][\/et_pb_section][et_pb_section fb_built=&#8221;1&#8243; _builder_version=&#8221;4.25.1&#8243; _module_preset=&#8221;default&#8221; custom_padding=&#8221;||23px|||&#8221; global_colors_info=&#8221;{}&#8221;][et_pb_row _builder_version=&#8221;4.25.1&#8243; _module_preset=&#8221;default&#8221; global_colors_info=&#8221;{}&#8221;][et_pb_column type=&#8221;4_4&#8243; _builder_version=&#8221;4.25.1&#8243; _module_preset=&#8221;default&#8221; global_colors_info=&#8221;{}&#8221;][et_pb_text _builder_version=&#8221;4.25.1&#8243; _module_preset=&#8221;default&#8221; text_font_size=&#8221;16px&#8221; header_font=&#8221;|700|||||||&#8221; header_3_font=&#8221;||||||||&#8221; global_colors_info=&#8221;{}&#8221;]<\/p>\n<h1>Mediumship<\/h1>\n<h3>Understanding Mediumship and the Role of the Medium<\/h3>\n<p>&nbsp;<\/p>\n<p>[\/et_pb_text][et_pb_text _builder_version=&#8221;4.25.1&#8243; _module_preset=&#8221;default&#8221; custom_margin=&#8221;-31px|||||&#8221; global_colors_info=&#8221;{}&#8221;]<\/p>\n<p>Mediumship is a unique bridge between our world and the spiritual world. As a medium, I serve as a channel to communicate with spirits, but in a way that may differ from what one might expect. Rather than simply relaying messages from deceased loved ones, I allow the spiritual world, with its own intelligence and consciousness, to guide these interactions.  <\/p>\n<p>I don&#8217;t choose the spirits I communicate with. They are the ones who choose me to deliver essential messages intended to help individuals in their daily lives. These messages can touch on various aspects of life, whether professional, family or sentimental.  <\/p>\n<p>[\/et_pb_text][\/et_pb_column][\/et_pb_row][et_pb_row _builder_version=&#8221;4.25.1&#8243; _module_preset=&#8221;default&#8221; global_colors_info=&#8221;{}&#8221;][et_pb_column type=&#8221;4_4&#8243; _builder_version=&#8221;4.25.1&#8243; _module_preset=&#8221;default&#8221; global_colors_info=&#8221;{}&#8221;][et_pb_text _builder_version=&#8221;4.25.1&#8243; _module_preset=&#8221;default&#8221; global_colors_info=&#8221;{}&#8221;]<\/p>\n<h3>Why Consult a Medium?<\/h3>\n<p>Consultations with a medium can provide profound clarity and spiritual support during times of doubt or transition. Whether you are seeking answers about your life path or need spiritual guidance, the messages from the spirits are intended to enhance your overall well-being and guide you toward a more fulfilling life. <\/p>\n<p>[\/et_pb_text][\/et_pb_column][\/et_pb_row][\/et_pb_section][et_pb_section fb_built=&#8221;1&#8243; custom_padding_last_edited=&#8221;on|phone&#8221; _builder_version=&#8221;4.25.1&#8243; _module_preset=&#8221;default&#8221; background_image=&#8221;https:\/\/jimrichard.be\/wp-content\/uploads\/2024\/06\/psychic-medium.jpg&#8221; custom_margin=&#8221;0px||||false|false&#8221; custom_margin_tablet=&#8221;0px||||false|false&#8221; custom_margin_phone=&#8221;-154px||||false|false&#8221; custom_margin_last_edited=&#8221;on|phone&#8221; custom_padding=&#8221;108px||211px||false|false&#8221; custom_padding_tablet=&#8221;108px||211px||false|false&#8221; custom_padding_phone=&#8221;0px||300px||false|false&#8221; background_last_edited=&#8221;on|phone&#8221; parallax_phone=&#8221;off&#8221; parallax_method_phone=&#8221;off&#8221; background_size_phone=&#8221;contain&#8221; global_colors_info=&#8221;{}&#8221;][et_pb_row _builder_version=&#8221;4.25.1&#8243; _module_preset=&#8221;default&#8221; global_colors_info=&#8221;{}&#8221;][et_pb_column type=&#8221;4_4&#8243; _builder_version=&#8221;4.25.1&#8243; _module_preset=&#8221;default&#8221; global_colors_info=&#8221;{}&#8221;][\/et_pb_column][\/et_pb_row][\/et_pb_section][et_pb_section fb_built=&#8221;1&#8243; custom_padding_last_edited=&#8221;on|phone&#8221; _builder_version=&#8221;4.25.1&#8243; _module_preset=&#8221;default&#8221; background_image=&#8221;https:\/\/jimrichard.be\/wp-content\/uploads\/2024\/06\/mediumnite-messages-spirituels.png&#8221; background_size=&#8221;initial&#8221; background_position=&#8221;center_right&#8221; background_horizontal_offset=&#8221;-18%&#8221; custom_margin_tablet=&#8221;&#8221; custom_margin_phone=&#8221;-133px||||false|false&#8221; custom_margin_last_edited=&#8221;on|phone&#8221; custom_padding_tablet=&#8221;&#8221; custom_padding_phone=&#8221;&#8221; background_last_edited=&#8221;on|phone&#8221; use_background_color_gradient_phone=&#8221;on&#8221; background_color_gradient_stops_phone=&#8221;rgba(255,255,255,0.13) 0%|#ffffff 99%&#8221; background_color_gradient_overlays_image_phone=&#8221;on&#8221; background_horizontal_offset_phone=&#8221;46%&#8221; global_colors_info=&#8221;{}&#8221;][et_pb_row column_structure=&#8221;2_3,1_3&#8243; _builder_version=&#8221;4.25.1&#8243; _module_preset=&#8221;default&#8221; custom_margin_tablet=&#8221;&#8221; custom_margin_phone=&#8221;-35px||||false|false&#8221; custom_margin_last_edited=&#8221;on|phone&#8221; animation_style=&#8221;slide&#8221; animation_direction=&#8221;right&#8221; global_colors_info=&#8221;{}&#8221;][et_pb_column type=&#8221;2_3&#8243; _builder_version=&#8221;4.25.1&#8243; _module_preset=&#8221;default&#8221; global_colors_info=&#8221;{}&#8221;][et_pb_text _builder_version=&#8221;4.25.1&#8243; _module_preset=&#8221;default&#8221; header_text_align=&#8221;left&#8221; global_colors_info=&#8221;{}&#8221;]<\/p>\n<h1>How a Mediumship Session Unfolds<\/h1>\n<p>[\/et_pb_text][et_pb_text _builder_version=&#8221;4.25.1&#8243; _module_preset=&#8221;default&#8221; header_2_font=&#8221;|700|||||||&#8221; header_2_text_align=&#8221;left&#8221; header_2_text_color=&#8221;#0C71C3&#8243; header_2_font_size=&#8221;22px&#8221; global_colors_info=&#8221;{}&#8221;]<\/p>\n<h2>Initial explanation<\/h2>\n<p>Before we begin, I always take a few minutes to explain the session&#8217;s process and the role of the medium to the client. This clarifies the process and puts the consultant at ease. <\/p>\n<h2>Connection with the Spiritual World<\/h2>\n<p>Then I step aside and become a mere spiritual intermediary. I never know which spirit will come forward to speak with the client, but generally, they are someone the client knows. I start by describing the person who has come, and then I communicate his or her message.  <\/p>\n<h2>Active participation of the Consultant<\/h2>\n<p>The consultant plays an active role in the contact. He\/she confirms with a &#8220;yes&#8221; or &#8220;no&#8221; the description I give. Only after this recognition does the spirit transmit its message.  <\/p>\n<h2>Transmitting the Spiritual Message<\/h2>\n<p>While the message is being transmitted, I go into a trance state. However, if the client feels uncomfortable with this idea, I remain fully present and conscious to ensure their comfort. <\/p>\n<p>[\/et_pb_text][\/et_pb_column][et_pb_column type=&#8221;1_3&#8243; _builder_version=&#8221;4.25.1&#8243; _module_preset=&#8221;default&#8221; global_colors_info=&#8221;{}&#8221;][\/et_pb_column][\/et_pb_row][\/et_pb_section][et_pb_section fb_built=&#8221;1&#8243; _builder_version=&#8221;4.25.1&#8243; _module_preset=&#8221;default&#8221; global_colors_info=&#8221;{}&#8221;][et_pb_row _builder_version=&#8221;4.25.1&#8243; _module_preset=&#8221;default&#8221; global_colors_info=&#8221;{}&#8221;][et_pb_column type=&#8221;4_4&#8243; _builder_version=&#8221;4.25.1&#8243; _module_preset=&#8221;default&#8221; global_colors_info=&#8221;{}&#8221;][dsm_text_divider header=&#8221;Comfort and Spiritual Clarity&#8221; header_tablet=&#8221;Comfort and Spiritual Clarity&#8221; header_phone=&#8221;Comfort and Clarity&#8221; header_last_edited=&#8221;on|phone&#8221; _builder_version=&#8221;4.25.1&#8243; _module_preset=&#8221;default&#8221; header_font=&#8221;|700|||||||&#8221; global_colors_info=&#8221;{}&#8221;][\/dsm_text_divider][\/et_pb_column][\/et_pb_row][et_pb_row _builder_version=&#8221;4.25.1&#8243; _module_preset=&#8221;default&#8221; global_colors_info=&#8221;{}&#8221;][et_pb_column type=&#8221;4_4&#8243; _builder_version=&#8221;4.25.1&#8243; _module_preset=&#8221;default&#8221; global_colors_info=&#8221;{}&#8221;][et_pb_text _builder_version=&#8221;4.25.1&#8243; _module_preset=&#8221;default&#8221; text_font_size=&#8221;16px&#8221; custom_margin=&#8221;-15px|||||&#8221; global_colors_info=&#8221;{}&#8221;]<\/p>\n<p>Participating in a mediumship session can provide deep emotional support and spiritual clarity, helping you reconnect with departed loved ones and receive valuable messages for your daily well-being. By playing an active role in this process, guided by benevolent spirits, you can find comfort, guidance, and a new perspective on life&#8217;s challenges. <\/p>\n<p>[\/et_pb_text][dsm_block_reveal_text block_reveal_text=&#8221;Please note: A medium has neither the power nor the right to tell someone what they must do based on the message received. The messages we receive are primarily advice. It is the consultant&#039;s responsibility to see if any action needs to be taken following the interview.  &#8221; block_reveal_color=&#8221;#0C71C3&#8243; _builder_version=&#8221;4.25.1&#8243; _module_preset=&#8221;default&#8221; header_font=&#8221;&#8211;et_global_body_font||on||||||&#8221; header_text_color=&#8221;#0C71C3&#8243; header_font_size=&#8221;14px&#8221; custom_margin=&#8221;-15px|||||&#8221; global_colors_info=&#8221;{}&#8221;][\/dsm_block_reveal_text][\/et_pb_column][\/et_pb_row][et_pb_row _builder_version=&#8221;4.25.1&#8243; _module_preset=&#8221;default&#8221; global_colors_info=&#8221;{}&#8221;][et_pb_column type=&#8221;4_4&#8243; _builder_version=&#8221;4.25.1&#8243; _module_preset=&#8221;default&#8221; global_colors_info=&#8221;{}&#8221;][ba_card photo=&#8221;https:\/\/jimrichard.be\/wp-content\/uploads\/2024\/06\/one-hour.png&#8221; photo_alt=&#8221;Information about the energy treatment session.&#8221; title=&#8221;60-minute session&#8221; description=&#8221;&lt;p&gt;Price :&lt;\/p&gt;<br \/>\n&lt;p&gt;&lt;strong&gt;&lt;strong&gt;En presencial : \u20ac120.&lt;\/strong&gt;&lt;\/strong&gt;&lt;\/p&gt;<br \/>\n&lt;p&gt;&lt;strong&gt;Online : \u20ac110 &lt;\/strong&gt;(Via Zoom)&lt;\/p&gt;<br \/>\n&lt;p&gt;&lt;strong&gt; &lt;\/strong&gt;Any session not canceled at least 3 days in advance is chargeable.&lt;\/p&gt;&#8221; use_button=&#8221;on&#8221; button_text=&#8221;Book Online&#8221; button_link=&#8221;@ET-DC@eyJkeW5hbWljIjp0cnVlLCJjb250ZW50IjoicG9zdF9saW5rX3VybF9wYWdlIiwic2V0dGluZ3MiOnsicG9zdF9pZCI6IjI0ODkwIn19@&#8221; custom_height=&#8221;off&#8221; image_width=&#8221;60px&#8221; image_padding=&#8221;0px|0px|15px|0px|false|false&#8221; btn_spacing_top=&#8221;20px&#8221; title_bottom_spacing=&#8221;16px&#8221; content_alignment=&#8221;center&#8221; content_padding=&#8221;0px|0px|0px|0px|false|false&#8221; _builder_version=&#8221;4.25.1&#8243; _dynamic_attributes=&#8221;button_link&#8221; _module_preset=&#8221;default&#8221; title_font=&#8221;|700|||||||&#8221; title_text_color=&#8221;#3979ff&#8221; title_font_size=&#8221;1.5rem&#8221; custom_button=&#8221;on&#8221; button_text_size=&#8221;1rem&#8221; button_text_color=&#8221;#3979ff&#8221; button_bg_color=&#8221;#ffffff&#8221; button_border_width=&#8221;1px&#8221; button_border_color=&#8221;#3979ff&#8221; button_border_radius=&#8221;50px&#8221; button_font=&#8221;|700|||||||&#8221; button_use_icon=&#8221;off&#8221; custom_padding=&#8221;30px|30px|30px|30px|false|false&#8221; animation_style=&#8221;slide&#8221; animation_direction=&#8221;left&#8221; border_radii_card=&#8221;on|9px|9px|9px|9px&#8221; border_color_all_card=&#8221;#3979ff&#8221; border_style_all_card=&#8221;solid&#8221; border_width_right_card=&#8221;1px&#8221; global_colors_info=&#8221;{}&#8221;][\/ba_card][\/et_pb_column][\/et_pb_row][et_pb_row _builder_version=&#8221;4.25.1&#8243; _module_preset=&#8221;default&#8221; global_colors_info=&#8221;{}&#8221;][et_pb_column type=&#8221;4_4&#8243; _builder_version=&#8221;4.25.1&#8243; _module_preset=&#8221;default&#8221; global_colors_info=&#8221;{}&#8221;][et_pb_button button_url=&#8221;@ET-DC@eyJkeW5hbWljIjp0cnVlLCJjb250ZW50IjoicG9zdF9saW5rX3VybF9wYWdlIiwic2V0dGluZ3MiOnsicG9zdF9pZCI6IjIyNTczNCJ9fQ==@&#8221; button_text=&#8221;Check the Terms and Conditions&#8221; button_alignment=&#8221;center&#8221; _builder_version=&#8221;4.25.1&#8243; _dynamic_attributes=&#8221;button_url&#8221; _module_preset=&#8221;default&#8221; custom_button=&#8221;on&#8221; button_text_size=&#8221;15px&#8221; button_text_color=&#8221;#FFFFFF&#8221; button_bg_color=&#8221;#a04688&#8243; button_border_radius=&#8221;100px&#8221; button_font=&#8221;|700|||||||&#8221; button_icon=&#8221;&#xf05a;||fa||900&#8243; custom_padding=&#8221;10px|50px|10px|42px|true|false&#8221; button_text_size_tablet=&#8221;15px&#8221; button_text_size_phone=&#8221;12px&#8221; button_text_size_last_edited=&#8221;on|phone&#8221; global_colors_info=&#8221;{}&#8221;][\/et_pb_button][\/et_pb_column][\/et_pb_row][\/et_pb_section]<\/p>\n","protected":false},"excerpt":{"rendered":"<p>SERVICESMediumship Mediumship Understanding Mediumship and the Role of the Medium &nbsp;Mediumship is a unique bridge between our world and the spiritual world. As a medium, I serve as a channel to communicate with spirits, but in a way that may differ from what one might expect. Rather than simply relaying messages from deceased loved ones, I allow the spiritual world, with its own intelligence and consciousness, to guide these interactions. I don&#8217;t choose the spirits I communicate with. They are the ones who choose me to deliver essential messages intended to help individuals in their daily lives. These messages can touch on various aspects of life, whether professional, family or sentimental. Why Consult a Medium? Consultations with a medium can provide profound clarity and spiritual support during times of doubt or transition. Whether you are seeking answers about your life path or need spiritual guidance, the messages from the spirits are intended to enhance your overall well-being and guide you toward a more fulfilling life. How a Mediumship Session UnfoldsInitial explanation Before we begin, I always take a few minutes to explain the session&#8217;s process and the role of the medium to the client. This clarifies the process and puts [&hellip;]<\/p>\n","protected":false},"author":1,"featured_media":0,"parent":0,"menu_order":0,"comment_status":"closed","ping_status":"closed","template":"","meta":{"_et_pb_use_builder":"on","_et_pb_old_content":"","_et_gb_content_width":"","_price":"","_stock":"","_tribe_ticket_header":"","_tribe_default_ticket_provider":"TEC\\Tickets\\Commerce\\Module","_ticket_start_date":"","_ticket_end_date":"","_tribe_ticket_show_description":"","_tribe_ticket_show_not_going":false,"_tribe_ticket_use_global_stock":"","_tribe_ticket_global_stock_level":"","_global_stock_mode":"","_global_stock_cap":"","_tribe_rsvp_for_event":"","_tribe_ticket_going_count":"","_tribe_ticket_not_going_count":"","_tribe_tickets_list":"[]","_tribe_ticket_has_attendee_info_fields":false,"footnotes":"","_tec_slr_enabled":"","_tec_slr_layout":""},"class_list":["post-226299","page","type-page","status-publish","hentry"],"yoast_head":"<!-- This site is optimized with the Yoast SEO plugin v26.9 - https:\/\/yoast.com\/product\/yoast-seo-wordpress\/ -->\n<title>Mediumship - Jim Richard - Th\u00e9rapeute Holistique.<\/title>\n<meta name=\"robots\" content=\"index, follow, max-snippet:-1, max-image-preview:large, max-video-preview:-1\" \/>\n<link rel=\"canonical\" href=\"https:\/\/jimrichard.be\/en\/mediumship\/\" \/>\n<meta property=\"og:locale\" content=\"en_US\" \/>\n<meta property=\"og:type\" content=\"article\" \/>\n<meta property=\"og:title\" content=\"Mediumship - Jim Richard - Th\u00e9rapeute Holistique.\" \/>\n<meta property=\"og:description\" content=\"SERVICESMediumship Mediumship Understanding Mediumship and the Role of the Medium &nbsp;Mediumship is a unique bridge between our world and the spiritual world. As a medium, I serve as a channel to communicate with spirits, but in a way that may differ from what one might expect. Rather than simply relaying messages from deceased loved ones, I allow the spiritual world, with its own intelligence and consciousness, to guide these interactions. I don&#039;t choose the spirits I communicate with. They are the ones who choose me to deliver essential messages intended to help individuals in their daily lives. These messages can touch on various aspects of life, whether professional, family or sentimental. Why Consult a Medium? Consultations with a medium can provide profound clarity and spiritual support during times of doubt or transition. Whether you are seeking answers about your life path or need spiritual guidance, the messages from the spirits are intended to enhance your overall well-being and guide you toward a more fulfilling life. How a Mediumship Session UnfoldsInitial explanation Before we begin, I always take a few minutes to explain the session&#039;s process and the role of the medium to the client. This clarifies the process and puts [&hellip;]\" \/>\n<meta property=\"og:url\" content=\"https:\/\/jimrichard.be\/en\/mediumship\/\" \/>\n<meta property=\"og:site_name\" content=\"Jim Richard - Th\u00e9rapeute Holistique.\" \/>\n<meta property=\"article:publisher\" content=\"https:\/\/www.facebook.com\/jimrichardspirit\/\" \/>\n<meta property=\"article:modified_time\" content=\"2026-01-10T00:37:07+00:00\" \/>\n<meta name=\"twitter:card\" content=\"summary_large_image\" \/>\n<meta name=\"twitter:label1\" content=\"Est. reading time\" \/>\n\t<meta name=\"twitter:data1\" content=\"8 minutes\" \/>\n<script type=\"application\/ld+json\" class=\"yoast-schema-graph\">{\"@context\":\"https:\/\/schema.org\",\"@graph\":[{\"@type\":\"WebPage\",\"@id\":\"https:\/\/jimrichard.be\/en\/mediumship\/\",\"url\":\"https:\/\/jimrichard.be\/en\/mediumship\/\",\"name\":\"Mediumship - Jim Richard - Th\u00e9rapeute Holistique.\",\"isPartOf\":{\"@id\":\"https:\/\/jimrichard.be\/#website\"},\"datePublished\":\"2024-06-14T09:07:08+00:00\",\"dateModified\":\"2026-01-10T00:37:07+00:00\",\"breadcrumb\":{\"@id\":\"https:\/\/jimrichard.be\/en\/mediumship\/#breadcrumb\"},\"inLanguage\":\"en-US\",\"potentialAction\":[{\"@type\":\"ReadAction\",\"target\":[\"https:\/\/jimrichard.be\/en\/mediumship\/\"]}]},{\"@type\":\"BreadcrumbList\",\"@id\":\"https:\/\/jimrichard.be\/en\/mediumship\/#breadcrumb\",\"itemListElement\":[{\"@type\":\"ListItem\",\"position\":1,\"name\":\"Accueil\",\"item\":\"https:\/\/jimrichard.be\/\"},{\"@type\":\"ListItem\",\"position\":2,\"name\":\"Mediumship\"}]},{\"@type\":\"WebSite\",\"@id\":\"https:\/\/jimrichard.be\/#website\",\"url\":\"https:\/\/jimrichard.be\/\",\"name\":\"Jim Richard - Th\u00e9rapeute Holistique.\",\"description\":\"Retrouvez l&#039;Harmonie : Bien-\u00catre et Clart\u00e9 dans Votre Vie et Votre Maison\",\"publisher\":{\"@id\":\"https:\/\/jimrichard.be\/#organization\"},\"potentialAction\":[{\"@type\":\"SearchAction\",\"target\":{\"@type\":\"EntryPoint\",\"urlTemplate\":\"https:\/\/jimrichard.be\/?s={search_term_string}\"},\"query-input\":{\"@type\":\"PropertyValueSpecification\",\"valueRequired\":true,\"valueName\":\"search_term_string\"}}],\"inLanguage\":\"en-US\"},{\"@type\":\"Organization\",\"@id\":\"https:\/\/jimrichard.be\/#organization\",\"name\":\"Jim Richard - Th\u00e9rapeute Holistique.\",\"url\":\"https:\/\/jimrichard.be\/\",\"logo\":{\"@type\":\"ImageObject\",\"inLanguage\":\"en-US\",\"@id\":\"https:\/\/jimrichard.be\/#\/schema\/logo\/image\/\",\"url\":\"https:\/\/jimrichard.be\/wp-content\/uploads\/2024\/06\/cropped-favicon-JR.png\",\"contentUrl\":\"https:\/\/jimrichard.be\/wp-content\/uploads\/2024\/06\/cropped-favicon-JR.png\",\"width\":512,\"height\":512,\"caption\":\"Jim Richard - Th\u00e9rapeute Holistique.\"},\"image\":{\"@id\":\"https:\/\/jimrichard.be\/#\/schema\/logo\/image\/\"},\"sameAs\":[\"https:\/\/www.facebook.com\/jimrichardspirit\/\",\"https:\/\/www.instagram.com\/jimrichardliberi\/\"]}]}<\/script>\n<!-- \/ Yoast SEO plugin. -->","yoast_head_json":{"title":"Mediumship - Jim Richard - Th\u00e9rapeute Holistique.","robots":{"index":"index","follow":"follow","max-snippet":"max-snippet:-1","max-image-preview":"max-image-preview:large","max-video-preview":"max-video-preview:-1"},"canonical":"https:\/\/jimrichard.be\/en\/mediumship\/","og_locale":"en_US","og_type":"article","og_title":"Mediumship - Jim Richard - Th\u00e9rapeute Holistique.","og_description":"SERVICESMediumship Mediumship Understanding Mediumship and the Role of the Medium &nbsp;Mediumship is a unique bridge between our world and the spiritual world. As a medium, I serve as a channel to communicate with spirits, but in a way that may differ from what one might expect. Rather than simply relaying messages from deceased loved ones, I allow the spiritual world, with its own intelligence and consciousness, to guide these interactions. I don't choose the spirits I communicate with. They are the ones who choose me to deliver essential messages intended to help individuals in their daily lives. These messages can touch on various aspects of life, whether professional, family or sentimental. Why Consult a Medium? Consultations with a medium can provide profound clarity and spiritual support during times of doubt or transition. Whether you are seeking answers about your life path or need spiritual guidance, the messages from the spirits are intended to enhance your overall well-being and guide you toward a more fulfilling life. How a Mediumship Session UnfoldsInitial explanation Before we begin, I always take a few minutes to explain the session's process and the role of the medium to the client. This clarifies the process and puts [&hellip;]","og_url":"https:\/\/jimrichard.be\/en\/mediumship\/","og_site_name":"Jim Richard - Th\u00e9rapeute Holistique.","article_publisher":"https:\/\/www.facebook.com\/jimrichardspirit\/","article_modified_time":"2026-01-10T00:37:07+00:00","twitter_card":"summary_large_image","twitter_misc":{"Est. reading time":"8 minutes"},"schema":{"@context":"https:\/\/schema.org","@graph":[{"@type":"WebPage","@id":"https:\/\/jimrichard.be\/en\/mediumship\/","url":"https:\/\/jimrichard.be\/en\/mediumship\/","name":"Mediumship - Jim Richard - Th\u00e9rapeute Holistique.","isPartOf":{"@id":"https:\/\/jimrichard.be\/#website"},"datePublished":"2024-06-14T09:07:08+00:00","dateModified":"2026-01-10T00:37:07+00:00","breadcrumb":{"@id":"https:\/\/jimrichard.be\/en\/mediumship\/#breadcrumb"},"inLanguage":"en-US","potentialAction":[{"@type":"ReadAction","target":["https:\/\/jimrichard.be\/en\/mediumship\/"]}]},{"@type":"BreadcrumbList","@id":"https:\/\/jimrichard.be\/en\/mediumship\/#breadcrumb","itemListElement":[{"@type":"ListItem","position":1,"name":"Accueil","item":"https:\/\/jimrichard.be\/"},{"@type":"ListItem","position":2,"name":"Mediumship"}]},{"@type":"WebSite","@id":"https:\/\/jimrichard.be\/#website","url":"https:\/\/jimrichard.be\/","name":"Jim Richard - Th\u00e9rapeute Holistique.","description":"Retrouvez l&#039;Harmonie : Bien-\u00catre et Clart\u00e9 dans Votre Vie et Votre Maison","publisher":{"@id":"https:\/\/jimrichard.be\/#organization"},"potentialAction":[{"@type":"SearchAction","target":{"@type":"EntryPoint","urlTemplate":"https:\/\/jimrichard.be\/?s={search_term_string}"},"query-input":{"@type":"PropertyValueSpecification","valueRequired":true,"valueName":"search_term_string"}}],"inLanguage":"en-US"},{"@type":"Organization","@id":"https:\/\/jimrichard.be\/#organization","name":"Jim Richard - Th\u00e9rapeute Holistique.","url":"https:\/\/jimrichard.be\/","logo":{"@type":"ImageObject","inLanguage":"en-US","@id":"https:\/\/jimrichard.be\/#\/schema\/logo\/image\/","url":"https:\/\/jimrichard.be\/wp-content\/uploads\/2024\/06\/cropped-favicon-JR.png","contentUrl":"https:\/\/jimrichard.be\/wp-content\/uploads\/2024\/06\/cropped-favicon-JR.png","width":512,"height":512,"caption":"Jim Richard - Th\u00e9rapeute Holistique."},"image":{"@id":"https:\/\/jimrichard.be\/#\/schema\/logo\/image\/"},"sameAs":["https:\/\/www.facebook.com\/jimrichardspirit\/","https:\/\/www.instagram.com\/jimrichardliberi\/"]}]}},"jetpack_sharing_enabled":true,"ticketed":false,"_links":{"self":[{"href":"https:\/\/jimrichard.be\/en\/wp-json\/wp\/v2\/pages\/226299","targetHints":{"allow":["GET"]}}],"collection":[{"href":"https:\/\/jimrichard.be\/en\/wp-json\/wp\/v2\/pages"}],"about":[{"href":"https:\/\/jimrichard.be\/en\/wp-json\/wp\/v2\/types\/page"}],"author":[{"embeddable":true,"href":"https:\/\/jimrichard.be\/en\/wp-json\/wp\/v2\/users\/1"}],"replies":[{"embeddable":true,"href":"https:\/\/jimrichard.be\/en\/wp-json\/wp\/v2\/comments?post=226299"}],"version-history":[{"count":15,"href":"https:\/\/jimrichard.be\/en\/wp-json\/wp\/v2\/pages\/226299\/revisions"}],"predecessor-version":[{"id":227293,"href":"https:\/\/jimrichard.be\/en\/wp-json\/wp\/v2\/pages\/226299\/revisions\/227293"}],"wp:attachment":[{"href":"https:\/\/jimrichard.be\/en\/wp-json\/wp\/v2\/media?parent=226299"}],"curies":[{"name":"wp","href":"https:\/\/api.w.org\/{rel}","templated":true}]}}