{"id":226296,"date":"2024-06-06T11:58:01","date_gmt":"2024-06-06T09:58:01","guid":{"rendered":"https:\/\/jimrichard.be\/book-online\/"},"modified":"2024-08-18T21:51:06","modified_gmt":"2024-08-18T19:51:06","slug":"book-online","status":"publish","type":"page","link":"https:\/\/jimrichard.be\/en\/book-online\/","title":{"rendered":"Book Online"},"content":{"rendered":"<p>[et_pb_section fb_built=&#8221;1&#8243; _builder_version=&#8221;4.25.1&#8243; _module_preset=&#8221;default&#8221; background_image=&#8221;https:\/\/jimrichard.be\/wp-content\/uploads\/2024\/07\/Banner-reservez-en-ligne.gif&#8221; global_colors_info=&#8221;{}&#8221;][et_pb_row _builder_version=&#8221;4.25.1&#8243; _module_preset=&#8221;default&#8221; global_colors_info=&#8221;{}&#8221;][et_pb_column type=&#8221;4_4&#8243; _builder_version=&#8221;4.25.1&#8243; _module_preset=&#8221;default&#8221; global_colors_info=&#8221;{}&#8221;][et_pb_text _builder_version=&#8221;4.25.1&#8243; _module_preset=&#8221;default&#8221; text_text_color=&#8221;#FFFFFF&#8221; global_colors_info=&#8221;{}&#8221;][\/et_pb_text][et_pb_text _builder_version=&#8221;4.25.1&#8243; _module_preset=&#8221;default&#8221; header_font=&#8221;|800|||||||&#8221; header_text_color=&#8221;#FFFFFF&#8221; header_font_size=&#8221;40px&#8221; custom_margin=&#8221;-16px|||||&#8221; global_colors_info=&#8221;{}&#8221;]<\/p>\n<h1>Book Online<\/h1>\n<p>[\/et_pb_text][\/et_pb_column][\/et_pb_row][\/et_pb_section][et_pb_section fb_built=&#8221;1&#8243; _builder_version=&#8221;4.25.1&#8243; _module_preset=&#8221;default&#8221; overflow-x=&#8221;hidden&#8221; custom_padding=&#8221;||7px|||&#8221; global_colors_info=&#8221;{}&#8221;][et_pb_row _builder_version=&#8221;4.25.1&#8243; _module_preset=&#8221;default&#8221; global_colors_info=&#8221;{}&#8221;][et_pb_column type=&#8221;4_4&#8243; _builder_version=&#8221;4.25.1&#8243; _module_preset=&#8221;default&#8221; global_colors_info=&#8221;{}&#8221;][et_pb_text _builder_version=&#8221;4.25.1&#8243; _module_preset=&#8221;default&#8221; text_font_size=&#8221;16px&#8221; custom_margin=&#8221;-31px|||||&#8221; global_colors_info=&#8221;{}&#8221;]<\/p>\n<h2>Book your online consultation today.<\/h2>\n<p>Enjoy a personalized, enriching experience, designed for your balance and serenity.<\/p>\n<p>[\/et_pb_text][\/et_pb_column][\/et_pb_row][et_pb_row _builder_version=&#8221;4.25.1&#8243; _module_preset=&#8221;default&#8221; global_colors_info=&#8221;{}&#8221;][et_pb_column type=&#8221;4_4&#8243; _builder_version=&#8221;4.25.1&#8243; _module_preset=&#8221;default&#8221; global_colors_info=&#8221;{}&#8221;][et_pb_code _builder_version=&#8221;4.25.1&#8243; _module_preset=&#8221;default&#8221; global_colors_info=&#8221;{}&#8221;]<iframe src=\"https:\/\/jimrichard.be\/en\/wp-json\/ssa\/v1\/embed-inner?integration&type&label&types&edit&view&payment_provider&ssa_locale=en_US&ssa_is_rtl&sid=18a246d1c5798e15ad0f93513a999add7f270497&availability_start_date&availability_end_date&suggest_first_available&suggest_first_available_within_minutes&flow&fallback_flow&time_view&date_view&appointment_types_view&version&accent_color&background&padding&font&booking_url=https%3A%2F%2Fjimrichard.be%2Fen%2Fbook-online%2F&booking_post_id=226296&booking_title=Book+Online&_wpnonce=610fea9ea7&redirect_post_id&mepr_membership_id#\/\" height=\"400px\" width=\"100%\" name=\"ssa_booking\" loading=\"eager\" frameborder=\"0\" data-skip-lazy=\"1\" class=\"ssa_booking_iframe skip-lazy\" title=\"Book a time\"><\/iframe>[\/et_pb_code][\/et_pb_column][\/et_pb_row][et_pb_row _builder_version=&#8221;4.25.1&#8243; _module_preset=&#8221;default&#8221; global_colors_info=&#8221;{}&#8221;][et_pb_column type=&#8221;4_4&#8243; _builder_version=&#8221;4.25.1&#8243; _module_preset=&#8221;default&#8221; global_colors_info=&#8221;{}&#8221;][et_pb_button button_url=&#8221;@ET-DC@eyJkeW5hbWljIjp0cnVlLCJjb250ZW50IjoicG9zdF9saW5rX3VybF9wYWdlIiwic2V0dGluZ3MiOnsicG9zdF9pZCI6IjIyNTczNCIsImVuYWJsZV9odG1sIjoib2ZmIn19@&#8221; button_text=&#8221;Check the Terms and Conditions&#8221; button_alignment=&#8221;center&#8221; _builder_version=&#8221;4.25.1&#8243; _dynamic_attributes=&#8221;button_url&#8221; _module_preset=&#8221;default&#8221; custom_button=&#8221;on&#8221; button_text_color=&#8221;#FFFFFF&#8221; button_bg_color=&#8221;#a04688&#8243; button_border_radius=&#8221;100px&#8221; button_font=&#8221;|700|||||||&#8221; button_icon=&#8221;&#xf05a;||fa||900&#8243; custom_padding=&#8221;10px|50px|10px|42px|true|false&#8221; hover_enabled=&#8221;0&#8243; global_colors_info=&#8221;{}&#8221; button_text_size_last_edited=&#8221;on|phone&#8221; button_text_size_phone=&#8221;12px&#8221; sticky_enabled=&#8221;0&#8243;][\/et_pb_button][\/et_pb_column][\/et_pb_row][\/et_pb_section][et_pb_section fb_built=&#8221;1&#8243; fullwidth=&#8221;on&#8221; custom_padding_last_edited=&#8221;on|phone&#8221; _builder_version=&#8221;4.25.1&#8243; _module_preset=&#8221;default&#8221; custom_margin_tablet=&#8221;&#8221; custom_margin_phone=&#8221;0px||0px||true|false&#8221; custom_margin_last_edited=&#8221;on|phone&#8221; custom_padding_tablet=&#8221;&#8221; custom_padding_phone=&#8221;0px||0px||true|false&#8221; global_colors_info=&#8221;{}&#8221;][et_pb_fullwidth_slider _builder_version=&#8221;4.25.1&#8243; _module_preset=&#8221;default&#8221; use_background_color_gradient=&#8221;on&#8221; background_color_gradient_stops=&#8221;rgba(43,135,218,0.83) 0%|rgba(41,196,169,0.83) 99%&#8221; background_color_gradient_overlays_image=&#8221;on&#8221; background_image=&#8221;https:\/\/jimrichard.be\/wp-content\/uploads\/2024\/07\/PHOTO-JIM-03-scaled.jpg&#8221; parallax=&#8221;on&#8221; parallax_method=&#8221;on&#8221; background_blend=&#8221;screen&#8221; custom_margin_tablet=&#8221;&#8221; custom_margin_phone=&#8221;36px||36px||true|false&#8221; custom_margin_last_edited=&#8221;on|phone&#8221; custom_padding=&#8221;||106px|||&#8221; custom_padding_tablet=&#8221;||106px|||&#8221; custom_padding_phone=&#8221;81px||81px||true|false&#8221; custom_padding_last_edited=&#8221;on|phone&#8221; global_colors_info=&#8221;{}&#8221;][et_pb_slide heading=&#8221;Discover energy therapy and the holistic approach to awaken your spirit, nourish your soul, and reconnect with your true essence.&#8221; use_bg_overlay=&#8221;on&#8221; bg_overlay_color=&#8221;rgba(11,2,117,0.29)&#8221; _builder_version=&#8221;4.25.1&#8243; _module_preset=&#8221;default&#8221; body_font=&#8221;&#8211;et_global_body_font||on||||||&#8221; body_font_size=&#8221;20px&#8221; body_line_height=&#8221;1.4em&#8221; custom_padding_tablet=&#8221;&#8221; custom_padding_phone=&#8221;86px||8px||false|false&#8221; custom_padding_last_edited=&#8221;on|phone&#8221; header_font_size_tablet=&#8221;&#8221; header_font_size_phone=&#8221;15px&#8221; header_font_size_last_edited=&#8221;on|phone&#8221; body_font_size_tablet=&#8221;20px&#8221; body_font_size_phone=&#8221;12px&#8221; body_font_size_last_edited=&#8221;on|phone&#8221; header_text_shadow_style=&#8221;preset1&#8243; body_text_shadow_style=&#8221;preset1&#8243; global_colors_info=&#8221;{}&#8221; sticky_transition=&#8221;on&#8221;]<\/p>\n<p>&nbsp;<\/p>\n<p>Jim Richard<\/p>\n<p>&nbsp;<\/p>\n<p>[\/et_pb_slide][\/et_pb_fullwidth_slider][\/et_pb_section][et_pb_section fb_built=&#8221;1&#8243; _builder_version=&#8221;4.25.1&#8243; _module_preset=&#8221;default&#8221; custom_margin=&#8221;0px||||false|false&#8221; custom_margin_tablet=&#8221;&#8221; custom_margin_phone=&#8221;-30px||||false|false&#8221; custom_margin_last_edited=&#8221;on|phone&#8221; custom_padding=&#8221;34px|||||&#8221; global_colors_info=&#8221;{}&#8221;][et_pb_row _builder_version=&#8221;4.25.1&#8243; _module_preset=&#8221;default&#8221; global_colors_info=&#8221;{}&#8221;][et_pb_column type=&#8221;4_4&#8243; _builder_version=&#8221;4.25.1&#8243; _module_preset=&#8221;default&#8221; global_colors_info=&#8221;{}&#8221;][et_pb_text _builder_version=&#8221;4.25.1&#8243; _module_preset=&#8221;default&#8221; header_text_align=&#8221;center&#8221; custom_margin=&#8221;||13px|||&#8221; global_colors_info=&#8221;{}&#8221;]<\/p>\n<h1>Follow my social networks<\/h1>\n<p>[\/et_pb_text][et_pb_social_media_follow _builder_version=&#8221;4.25.1&#8243; _module_preset=&#8221;default&#8221; text_orientation=&#8221;center&#8221; width=&#8221;100%&#8221; global_colors_info=&#8221;{}&#8221;][et_pb_social_media_follow_network social_network=&#8221;facebook&#8221; _builder_version=&#8221;4.25.1&#8243; _module_preset=&#8221;default&#8221; background_color=&#8221;#3b5998&#8243; global_colors_info=&#8221;{}&#8221; follow_button=&#8221;off&#8221; url_new_window=&#8221;on&#8221;]facebook[\/et_pb_social_media_follow_network][et_pb_social_media_follow_network social_network=&#8221;instagram&#8221; _builder_version=&#8221;4.25.1&#8243; _module_preset=&#8221;default&#8221; background_color=&#8221;#ea2c59&#8243; global_colors_info=&#8221;{}&#8221; follow_button=&#8221;off&#8221; url_new_window=&#8221;on&#8221;]instagram[\/et_pb_social_media_follow_network][et_pb_social_media_follow_network social_network=&#8221;youtube&#8221; _builder_version=&#8221;4.25.1&#8243; _module_preset=&#8221;default&#8221; background_color=&#8221;#a82400&#8243; global_colors_info=&#8221;{}&#8221; follow_button=&#8221;off&#8221; url_new_window=&#8221;on&#8221;]youtube[\/et_pb_social_media_follow_network][\/et_pb_social_media_follow][\/et_pb_column][\/et_pb_row][\/et_pb_section]<\/p>\n","protected":false},"excerpt":{"rendered":"<p>Book OnlineBook your online consultation today. Enjoy a personalized, enriching experience, designed for your balance and serenity.<iframe src=\"https:\/\/jimrichard.be\/en\/wp-json\/ssa\/v1\/embed-inner?integration&type&label&types&edit&view&payment_provider&ssa_locale=en_US&ssa_is_rtl&sid=18a246d1c5798e15ad0f93513a999add7f270497&availability_start_date&availability_end_date&suggest_first_available&suggest_first_available_within_minutes&flow&fallback_flow&time_view&date_view&appointment_types_view&version&accent_color&background&padding&font&booking_url=https%3A%2F%2Fjimrichard.be%2Fen%2Fbook-online%2F&booking_post_id=226296&booking_title=Book+Online&_wpnonce=610fea9ea7&redirect_post_id&mepr_membership_id#\/\" height=\"400px\" width=\"100%\" name=\"ssa_booking\" loading=\"eager\" frameborder=\"0\" data-skip-lazy=\"1\" class=\"ssa_booking_iframe skip-lazy\" title=\"Book a time\"><\/iframe>&nbsp; Jim Richard &nbsp;Follow my social networks<\/p>\n","protected":false},"author":1,"featured_media":0,"parent":0,"menu_order":0,"comment_status":"closed","ping_status":"closed","template":"","meta":{"_et_pb_use_builder":"on","_et_pb_old_content":"","_et_gb_content_width":"","_price":"","_stock":"","_tribe_ticket_header":"","_tribe_default_ticket_provider":"","_ticket_start_date":"","_ticket_end_date":"","_tribe_ticket_show_description":"","_tribe_ticket_show_not_going":false,"_tribe_ticket_use_global_stock":"","_tribe_ticket_global_stock_level":"","_global_stock_mode":"","_global_stock_cap":"","_tribe_rsvp_for_event":"","_tribe_ticket_going_count":"","_tribe_ticket_not_going_count":"","_tribe_tickets_list":"[]","_tribe_ticket_has_attendee_info_fields":false,"footnotes":"","_tec_slr_enabled":"","_tec_slr_layout":""},"class_list":["post-226296","page","type-page","status-publish","hentry"],"yoast_head":"<!-- This site is optimized with the Yoast SEO plugin v26.9 - https:\/\/yoast.com\/product\/yoast-seo-wordpress\/ -->\n<title>Book Online - Jim Richard - Th\u00e9rapeute Holistique.<\/title>\n<meta name=\"robots\" content=\"index, follow, max-snippet:-1, max-image-preview:large, max-video-preview:-1\" \/>\n<link rel=\"canonical\" href=\"https:\/\/jimrichard.be\/en\/book-online\/\" \/>\n<meta property=\"og:locale\" content=\"en_US\" \/>\n<meta property=\"og:type\" content=\"article\" \/>\n<meta property=\"og:title\" content=\"Book Online - Jim Richard - Th\u00e9rapeute Holistique.\" \/>\n<meta property=\"og:description\" content=\"Book OnlineBook your online consultation today. Enjoy a personalized, enriching experience, designed for your balance and serenity.&nbsp; Jim Richard &nbsp;Follow my social networks\" \/>\n<meta property=\"og:url\" content=\"https:\/\/jimrichard.be\/en\/book-online\/\" \/>\n<meta property=\"og:site_name\" content=\"Jim Richard - Th\u00e9rapeute Holistique.\" \/>\n<meta property=\"article:publisher\" content=\"https:\/\/www.facebook.com\/jimrichardspirit\/\" \/>\n<meta property=\"article:modified_time\" content=\"2024-08-18T19:51:06+00:00\" \/>\n<meta name=\"twitter:card\" content=\"summary_large_image\" \/>\n<meta name=\"twitter:label1\" content=\"Est. reading time\" \/>\n\t<meta name=\"twitter:data1\" content=\"4 minutes\" \/>\n<script type=\"application\/ld+json\" class=\"yoast-schema-graph\">{\"@context\":\"https:\/\/schema.org\",\"@graph\":[{\"@type\":\"WebPage\",\"@id\":\"https:\/\/jimrichard.be\/en\/book-online\/\",\"url\":\"https:\/\/jimrichard.be\/en\/book-online\/\",\"name\":\"Book Online - Jim Richard - Th\u00e9rapeute Holistique.\",\"isPartOf\":{\"@id\":\"https:\/\/jimrichard.be\/#website\"},\"datePublished\":\"2024-06-06T09:58:01+00:00\",\"dateModified\":\"2024-08-18T19:51:06+00:00\",\"breadcrumb\":{\"@id\":\"https:\/\/jimrichard.be\/en\/book-online\/#breadcrumb\"},\"inLanguage\":\"en-US\",\"potentialAction\":[{\"@type\":\"ReadAction\",\"target\":[\"https:\/\/jimrichard.be\/en\/book-online\/\"]}]},{\"@type\":\"BreadcrumbList\",\"@id\":\"https:\/\/jimrichard.be\/en\/book-online\/#breadcrumb\",\"itemListElement\":[{\"@type\":\"ListItem\",\"position\":1,\"name\":\"Accueil\",\"item\":\"https:\/\/jimrichard.be\/\"},{\"@type\":\"ListItem\",\"position\":2,\"name\":\"Book Online\"}]},{\"@type\":\"WebSite\",\"@id\":\"https:\/\/jimrichard.be\/#website\",\"url\":\"https:\/\/jimrichard.be\/\",\"name\":\"Jim Richard - Th\u00e9rapeute Holistique.\",\"description\":\"Retrouvez l&#039;Harmonie : Bien-\u00catre et Clart\u00e9 dans Votre Vie et Votre Maison\",\"publisher\":{\"@id\":\"https:\/\/jimrichard.be\/#organization\"},\"potentialAction\":[{\"@type\":\"SearchAction\",\"target\":{\"@type\":\"EntryPoint\",\"urlTemplate\":\"https:\/\/jimrichard.be\/?s={search_term_string}\"},\"query-input\":{\"@type\":\"PropertyValueSpecification\",\"valueRequired\":true,\"valueName\":\"search_term_string\"}}],\"inLanguage\":\"en-US\"},{\"@type\":\"Organization\",\"@id\":\"https:\/\/jimrichard.be\/#organization\",\"name\":\"Jim Richard - Th\u00e9rapeute Holistique.\",\"url\":\"https:\/\/jimrichard.be\/\",\"logo\":{\"@type\":\"ImageObject\",\"inLanguage\":\"en-US\",\"@id\":\"https:\/\/jimrichard.be\/#\/schema\/logo\/image\/\",\"url\":\"https:\/\/jimrichard.be\/wp-content\/uploads\/2024\/06\/cropped-favicon-JR.png\",\"contentUrl\":\"https:\/\/jimrichard.be\/wp-content\/uploads\/2024\/06\/cropped-favicon-JR.png\",\"width\":512,\"height\":512,\"caption\":\"Jim Richard - Th\u00e9rapeute Holistique.\"},\"image\":{\"@id\":\"https:\/\/jimrichard.be\/#\/schema\/logo\/image\/\"},\"sameAs\":[\"https:\/\/www.facebook.com\/jimrichardspirit\/\",\"https:\/\/www.instagram.com\/jimrichardliberi\/\"]}]}<\/script>\n<!-- \/ Yoast SEO plugin. -->","yoast_head_json":{"title":"Book Online - Jim Richard - Th\u00e9rapeute Holistique.","robots":{"index":"index","follow":"follow","max-snippet":"max-snippet:-1","max-image-preview":"max-image-preview:large","max-video-preview":"max-video-preview:-1"},"canonical":"https:\/\/jimrichard.be\/en\/book-online\/","og_locale":"en_US","og_type":"article","og_title":"Book Online - Jim Richard - Th\u00e9rapeute Holistique.","og_description":"Book OnlineBook your online consultation today. Enjoy a personalized, enriching experience, designed for your balance and serenity.&nbsp; Jim Richard &nbsp;Follow my social networks","og_url":"https:\/\/jimrichard.be\/en\/book-online\/","og_site_name":"Jim Richard - Th\u00e9rapeute Holistique.","article_publisher":"https:\/\/www.facebook.com\/jimrichardspirit\/","article_modified_time":"2024-08-18T19:51:06+00:00","twitter_card":"summary_large_image","twitter_misc":{"Est. reading time":"4 minutes"},"schema":{"@context":"https:\/\/schema.org","@graph":[{"@type":"WebPage","@id":"https:\/\/jimrichard.be\/en\/book-online\/","url":"https:\/\/jimrichard.be\/en\/book-online\/","name":"Book Online - Jim Richard - Th\u00e9rapeute Holistique.","isPartOf":{"@id":"https:\/\/jimrichard.be\/#website"},"datePublished":"2024-06-06T09:58:01+00:00","dateModified":"2024-08-18T19:51:06+00:00","breadcrumb":{"@id":"https:\/\/jimrichard.be\/en\/book-online\/#breadcrumb"},"inLanguage":"en-US","potentialAction":[{"@type":"ReadAction","target":["https:\/\/jimrichard.be\/en\/book-online\/"]}]},{"@type":"BreadcrumbList","@id":"https:\/\/jimrichard.be\/en\/book-online\/#breadcrumb","itemListElement":[{"@type":"ListItem","position":1,"name":"Accueil","item":"https:\/\/jimrichard.be\/"},{"@type":"ListItem","position":2,"name":"Book Online"}]},{"@type":"WebSite","@id":"https:\/\/jimrichard.be\/#website","url":"https:\/\/jimrichard.be\/","name":"Jim Richard - Th\u00e9rapeute Holistique.","description":"Retrouvez l&#039;Harmonie : Bien-\u00catre et Clart\u00e9 dans Votre Vie et Votre Maison","publisher":{"@id":"https:\/\/jimrichard.be\/#organization"},"potentialAction":[{"@type":"SearchAction","target":{"@type":"EntryPoint","urlTemplate":"https:\/\/jimrichard.be\/?s={search_term_string}"},"query-input":{"@type":"PropertyValueSpecification","valueRequired":true,"valueName":"search_term_string"}}],"inLanguage":"en-US"},{"@type":"Organization","@id":"https:\/\/jimrichard.be\/#organization","name":"Jim Richard - Th\u00e9rapeute Holistique.","url":"https:\/\/jimrichard.be\/","logo":{"@type":"ImageObject","inLanguage":"en-US","@id":"https:\/\/jimrichard.be\/#\/schema\/logo\/image\/","url":"https:\/\/jimrichard.be\/wp-content\/uploads\/2024\/06\/cropped-favicon-JR.png","contentUrl":"https:\/\/jimrichard.be\/wp-content\/uploads\/2024\/06\/cropped-favicon-JR.png","width":512,"height":512,"caption":"Jim Richard - Th\u00e9rapeute Holistique."},"image":{"@id":"https:\/\/jimrichard.be\/#\/schema\/logo\/image\/"},"sameAs":["https:\/\/www.facebook.com\/jimrichardspirit\/","https:\/\/www.instagram.com\/jimrichardliberi\/"]}]}},"jetpack_sharing_enabled":true,"ticketed":false,"_links":{"self":[{"href":"https:\/\/jimrichard.be\/en\/wp-json\/wp\/v2\/pages\/226296","targetHints":{"allow":["GET"]}}],"collection":[{"href":"https:\/\/jimrichard.be\/en\/wp-json\/wp\/v2\/pages"}],"about":[{"href":"https:\/\/jimrichard.be\/en\/wp-json\/wp\/v2\/types\/page"}],"author":[{"embeddable":true,"href":"https:\/\/jimrichard.be\/en\/wp-json\/wp\/v2\/users\/1"}],"replies":[{"embeddable":true,"href":"https:\/\/jimrichard.be\/en\/wp-json\/wp\/v2\/comments?post=226296"}],"version-history":[{"count":0,"href":"https:\/\/jimrichard.be\/en\/wp-json\/wp\/v2\/pages\/226296\/revisions"}],"wp:attachment":[{"href":"https:\/\/jimrichard.be\/en\/wp-json\/wp\/v2\/media?parent=226296"}],"curies":[{"name":"wp","href":"https:\/\/api.w.org\/{rel}","templated":true}]}}