{"id":226275,"date":"2024-07-03T10:57:40","date_gmt":"2024-07-03T08:57:40","guid":{"rendered":"https:\/\/jimrichard.be\/terms-conditions\/"},"modified":"2024-08-18T19:46:28","modified_gmt":"2024-08-18T17:46:28","slug":"terms-conditions","status":"publish","type":"page","link":"https:\/\/jimrichard.be\/en\/terms-conditions\/","title":{"rendered":"Terms &amp; Conditions"},"content":{"rendered":"<p>[et_pb_section fb_built=&#8221;1&#8243; _builder_version=&#8221;4.25.1&#8243; _module_preset=&#8221;default&#8221; background_image=&#8221;https:\/\/jimrichard.be\/wp-content\/uploads\/2024\/06\/1-1.gif&#8221; global_colors_info=&#8221;{}&#8221;][et_pb_row _builder_version=&#8221;4.25.1&#8243; _module_preset=&#8221;default&#8221; global_colors_info=&#8221;{}&#8221;][et_pb_column type=&#8221;4_4&#8243; _builder_version=&#8221;4.25.1&#8243; _module_preset=&#8221;default&#8221; global_colors_info=&#8221;{}&#8221;][et_pb_text _builder_version=&#8221;4.25.1&#8243; _module_preset=&#8221;default&#8221; text_text_color=&#8221;#FFFFFF&#8221; hover_enabled=&#8221;0&#8243; global_colors_info=&#8221;{}&#8221; sticky_enabled=&#8221;0&#8243;][\/et_pb_text][et_pb_text _builder_version=&#8221;4.25.1&#8243; _module_preset=&#8221;default&#8221; header_font=&#8221;|800|||||||&#8221; header_text_color=&#8221;#FFFFFF&#8221; header_font_size=&#8221;40px&#8221; custom_margin=&#8221;-16px|||||&#8221; hover_enabled=&#8221;0&#8243; global_colors_info=&#8221;{}&#8221; sticky_enabled=&#8221;0&#8243;]<\/p>\n<h1>Terms &amp; Conditions<\/h1>\n<p>[\/et_pb_text][\/et_pb_column][\/et_pb_row][\/et_pb_section][et_pb_section fb_built=&#8221;1&#8243; _builder_version=&#8221;4.25.1&#8243; _module_preset=&#8221;default&#8221; custom_padding=&#8221;||10px|||&#8221; hover_enabled=&#8221;0&#8243; global_colors_info=&#8221;{}&#8221; alt=&#8221;Conditions g\u00e9n\u00e9rales Jim Richard&#8221; title_text=&#8221;Conditions g\u00e9n\u00e9rales&#8221; background_image=&#8221;https:\/\/jimrichard.be\/wp-content\/uploads\/2024\/07\/2604.jpg&#8221; use_background_color_gradient=&#8221;on&#8221; background_color_gradient_stops=&#8221;#ffffff 35%|rgba(255,255,255,0.35) 99%&#8221; background_color_gradient_overlays_image=&#8221;on&#8221; sticky_enabled=&#8221;0&#8243;][et_pb_row _builder_version=&#8221;4.25.1&#8243; _module_preset=&#8221;default&#8221; global_colors_info=&#8221;{}&#8221;][et_pb_column type=&#8221;4_4&#8243; _builder_version=&#8221;4.25.1&#8243; _module_preset=&#8221;default&#8221; global_colors_info=&#8221;{}&#8221;][et_pb_text _builder_version=&#8221;4.25.1&#8243; _module_preset=&#8221;default&#8221; text_font_size=&#8221;16px&#8221; header_font=&#8221;|700|||||||&#8221; header_3_font=&#8221;||||||||&#8221; header_3_font_size=&#8221;17px&#8221; hover_enabled=&#8221;0&#8243; global_colors_info=&#8221;{}&#8221; sticky_enabled=&#8221;0&#8243; header_font_size=&#8221;36px&#8221;]<\/p>\n<h1>General conditions of application<\/h1>\n<h3>Read carefully<\/h3>\n<p>&nbsp;<\/p>\n<p>[\/et_pb_text][et_pb_text _builder_version=&#8221;4.25.1&#8243; _module_preset=&#8221;default&#8221; text_font_size=&#8221;16px&#8221; custom_margin=&#8221;-31px|||||&#8221; hover_enabled=&#8221;0&#8243; global_colors_info=&#8221;{}&#8221; sticky_enabled=&#8221;0&#8243;]<\/p>\n<p>Here you&#8217;ll find all the information you need about our services, opening hours, privacy policies and payment methods. We encourage you to read these terms carefully to ensure an optimal and transparent experience during your holistic therapy sessions. If you have any questions or specific requests, please do not hesitate to contact us.<\/p>\n<p>[\/et_pb_text][\/et_pb_column][\/et_pb_row][et_pb_row _builder_version=&#8221;4.25.1&#8243; _module_preset=&#8221;default&#8221; custom_padding=&#8221;7px|||||&#8221; global_colors_info=&#8221;{}&#8221;][et_pb_column type=&#8221;4_4&#8243; _builder_version=&#8221;4.25.1&#8243; _module_preset=&#8221;default&#8221; global_colors_info=&#8221;{}&#8221;][et_pb_text _builder_version=&#8221;4.25.1&#8243; _module_preset=&#8221;default&#8221; text_line_height=&#8221;1.4em&#8221; header_3_font=&#8221;|700|||||||&#8221; header_3_text_color=&#8221;#0C71C3&#8243; hover_enabled=&#8221;0&#8243; global_colors_info=&#8221;{}&#8221; header_2_text_color=&#8221;#0C71C3&#8243; sticky_enabled=&#8221;0&#8243;]<\/p>\n<h2><strong>Responsibility<\/strong><\/h2>\n<ol>\n<li>Energy treatments or guidances are part of the field of alternative therapies, not traditional Western medicine. This means that these services should never replace medical or psychological treatment but are intended to complement them.<\/li>\n<li>I am responsible for the framework and for every word spoken during a session or training course. My responsibility ends there. The consultant is at all times in control of and responsible for his or her words and actions, both during and outside the session.<\/li>\n<li>Physical or verbal abuse will not be tolerated.<\/li>\n<\/ol>\n<p>[\/et_pb_text][et_pb_text _builder_version=&#8221;4.25.1&#8243; _module_preset=&#8221;default&#8221; text_line_height=&#8221;1.4em&#8221; header_3_font=&#8221;|700|||||||&#8221; header_3_text_color=&#8221;#0C71C3&#8243; hover_enabled=&#8221;0&#8243; global_colors_info=&#8221;{}&#8221; header_2_text_color=&#8221;#0C71C3&#8243; sticky_enabled=&#8221;0&#8243;]<\/p>\n<h2><strong>Personal data and private property<\/strong><\/h2>\n<ol>\n<li>The consultant information or materials I send are subject to the RGPD and copyright laws, according to the European regulation of April 27, 2016. The consultant has a right of access, rectification, portability, deletion of data, limitation of processing and opposition to the processing of data for legitimate reasons.<\/li>\n<\/ol>\n<p>[\/et_pb_text][et_pb_text _builder_version=&#8221;4.25.1&#8243; _module_preset=&#8221;default&#8221; text_line_height=&#8221;1.4em&#8221; header_3_font=&#8221;|700|||||||&#8221; header_3_text_color=&#8221;#0C71C3&#8243; hover_enabled=&#8221;0&#8243; global_colors_info=&#8221;{}&#8221; header_2_text_color=&#8221;#0C71C3&#8243; sticky_enabled=&#8221;0&#8243;]<\/p>\n<h2><strong>Payment<\/strong><\/h2>\n<ol>\n<li>Payment for face-to-face sessions is made in cash, in euros only, after the session.<\/li>\n<li>Payment for online sessions must be made in advance. It serves as confirmation. Once payment is received, I send the Zoom link.<\/li>\n<li>If the customer requires an invoice for a training course, this will be issued on request.<\/li>\n<li>Online, I accept the following currencies: Euro and US Dollar.<\/li>\n<li>The base price is calculated in Euro. Prices in foreign currencies are calculated according to current rates and rounded up.<\/li>\n<\/ol>\n<p>[\/et_pb_text][et_pb_text _builder_version=&#8221;4.25.1&#8243; _module_preset=&#8221;default&#8221; text_line_height=&#8221;1.4em&#8221; header_3_font=&#8221;|700|||||||&#8221; header_3_text_color=&#8221;#0C71C3&#8243; hover_enabled=&#8221;0&#8243; global_colors_info=&#8221;{}&#8221; header_2_text_color=&#8221;#0C71C3&#8243; sticky_enabled=&#8221;0&#8243;]<\/p>\n<h2><strong>Payment<\/strong><\/h2>\n<ol>\n<li>Payment for face-to-face sessions is made in cash, in euros only, after the session.<\/li>\n<li>Payment for online sessions must be made in advance. It serves as confirmation. Once payment is received, I send the Zoom link.<\/li>\n<li>If the customer requires an invoice for a training course, this will be issued on request.<\/li>\n<li>Online, I accept the following currencies: Euro and US Dollar.<\/li>\n<li>The base price is calculated in Euro. Prices in foreign currencies are calculated according to current rates and rounded up.<\/li>\n<\/ol>\n<p>[\/et_pb_text][et_pb_text _builder_version=&#8221;4.25.1&#8243; _module_preset=&#8221;default&#8221; text_line_height=&#8221;1.4em&#8221; header_3_font=&#8221;|700|||||||&#8221; header_3_text_color=&#8221;#0C71C3&#8243; hover_enabled=&#8221;0&#8243; global_colors_info=&#8221;{}&#8221; header_2_text_color=&#8221;#0C71C3&#8243; sticky_enabled=&#8221;0&#8243;]<\/p>\n<h2><strong>Online<\/strong><\/h2>\n<ol>\n<li>Any online session or training is subject to the laws of the Belgian state.<\/li>\n<li>I cannot be held responsible for power outages on your side or for the failure of your equipment.<\/li>\n<li>Physical or verbal abuse will not be tolerated.<\/li>\n<li><strong>Privacy notice.<\/strong>  All online sessions are subject to RGPD and copyright laws, according to the European regulation of April 27, 2016. No cameras or other video\/audio filming or recording equipment may be used to capture audio\/visual of people or class content in my Zoom room without the prior permission of all participants.<\/li>\n<li>Whether or not I record consultations or courses depends on the prior approval of all participants. Recordings are intended for backup purposes and in the event of a consultant&#8217;s equipment failure.<\/li>\n<li>Any recording, should it be initiated, will never be broadcast without the written authorization of all participants. When a recording is to take place, I will announce it (referring to the privacy notice) and ask for your verbal approval. The reason for registration must be indicated. The content of all audio and visual recordings remains the property of the Coll\u00e8ge and may not be used for public or commercial purposes without prior authorization.<\/li>\n<li>Any public use of the recordings may take place provided that :\n<ol>\n<li>all participants have given their written consent.<\/li>\n<li>content is correctly referenced.<\/li>\n<\/ol>\n<\/li>\n<li>I reserve the right to remove anyone from the course without cause.<\/li>\n<\/ol>\n<p>[\/et_pb_text][et_pb_text _builder_version=&#8221;4.25.1&#8243; _module_preset=&#8221;default&#8221; header_2_text_color=&#8221;#0C71C3&#8243; hover_enabled=&#8221;0&#8243; sticky_enabled=&#8221;0&#8243;]<\/p>\n<h2><strong>Cancellation<\/strong><\/h2>\n<ol>\n<li><strong>For a session: <\/strong>in the event of cancellation by the consultant, I must be notified three days in advance. After this deadline, the session is considered due.<\/li>\n<li><strong>For a training course:<\/strong> in the event of cancellation of a training course, I must be notified five days in advance. After this deadline, no refunds will be made for cancellations.<\/li>\n<li>If I cancel a session or training course, it may be postponed sine die or refunded in full.<\/li>\n<li>In the event of a justified major problem, I will examine the request for cancellation, while retaining the right to choose whether or not to issue a refund or if an arrangement can be found.<\/li>\n<\/ol>\n<p>[\/et_pb_text][\/et_pb_column][\/et_pb_row][\/et_pb_section]<\/p>\n","protected":false},"excerpt":{"rendered":"<p>Terms &amp; ConditionsGeneral conditions of application Read carefully &nbsp;Here you&#8217;ll find all the information you need about our services, opening hours, privacy policies and payment methods. We encourage you to read these terms carefully to ensure an optimal and transparent experience during your holistic therapy sessions. If you have any questions or specific requests, please do not hesitate to contact us.Responsibility Energy treatments or guidances are part of the field of alternative therapies, not traditional Western medicine. This means that these services should never replace medical or psychological treatment but are intended to complement them. I am responsible for the framework and for every word spoken during a session or training course. My responsibility ends there. The consultant is at all times in control of and responsible for his or her words and actions, both during and outside the session. Physical or verbal abuse will not be tolerated. Personal data and private property The consultant information or materials I send are subject to the RGPD and copyright laws, according to the European regulation of April 27, 2016. The consultant has a right of access, rectification, portability, deletion of data, limitation of processing and opposition to the processing of data for [&hellip;]<\/p>\n","protected":false},"author":1,"featured_media":0,"parent":0,"menu_order":0,"comment_status":"closed","ping_status":"closed","template":"","meta":{"_et_pb_use_builder":"on","_et_pb_old_content":"","_et_gb_content_width":"","_price":"","_stock":"","_tribe_ticket_header":"","_tribe_default_ticket_provider":"","_ticket_start_date":"","_ticket_end_date":"","_tribe_ticket_show_description":"","_tribe_ticket_show_not_going":false,"_tribe_ticket_use_global_stock":"","_tribe_ticket_global_stock_level":"","_global_stock_mode":"","_global_stock_cap":"","_tribe_rsvp_for_event":"","_tribe_ticket_going_count":"","_tribe_ticket_not_going_count":"","_tribe_tickets_list":"[]","_tribe_ticket_has_attendee_info_fields":false,"footnotes":"","_tec_slr_enabled":"","_tec_slr_layout":""},"class_list":["post-226275","page","type-page","status-publish","hentry"],"yoast_head":"<!-- This site is optimized with the Yoast SEO plugin v26.9 - https:\/\/yoast.com\/product\/yoast-seo-wordpress\/ -->\n<title>Terms &amp; Conditions - Jim Richard - Th\u00e9rapeute Holistique.<\/title>\n<meta name=\"robots\" content=\"index, follow, max-snippet:-1, max-image-preview:large, max-video-preview:-1\" \/>\n<link rel=\"canonical\" href=\"https:\/\/jimrichard.be\/en\/terms-conditions\/\" \/>\n<meta property=\"og:locale\" content=\"en_US\" \/>\n<meta property=\"og:type\" content=\"article\" \/>\n<meta property=\"og:title\" content=\"Terms &amp; Conditions - Jim Richard - Th\u00e9rapeute Holistique.\" \/>\n<meta property=\"og:description\" content=\"Terms &amp; ConditionsGeneral conditions of application Read carefully &nbsp;Here you&#039;ll find all the information you need about our services, opening hours, privacy policies and payment methods. We encourage you to read these terms carefully to ensure an optimal and transparent experience during your holistic therapy sessions. If you have any questions or specific requests, please do not hesitate to contact us.Responsibility Energy treatments or guidances are part of the field of alternative therapies, not traditional Western medicine. This means that these services should never replace medical or psychological treatment but are intended to complement them. I am responsible for the framework and for every word spoken during a session or training course. My responsibility ends there. The consultant is at all times in control of and responsible for his or her words and actions, both during and outside the session. Physical or verbal abuse will not be tolerated. Personal data and private property The consultant information or materials I send are subject to the RGPD and copyright laws, according to the European regulation of April 27, 2016. The consultant has a right of access, rectification, portability, deletion of data, limitation of processing and opposition to the processing of data for [&hellip;]\" \/>\n<meta property=\"og:url\" content=\"https:\/\/jimrichard.be\/en\/terms-conditions\/\" \/>\n<meta property=\"og:site_name\" content=\"Jim Richard - Th\u00e9rapeute Holistique.\" \/>\n<meta property=\"article:publisher\" content=\"https:\/\/www.facebook.com\/jimrichardspirit\/\" \/>\n<meta property=\"article:modified_time\" content=\"2024-08-18T17:46:28+00:00\" \/>\n<meta name=\"twitter:card\" content=\"summary_large_image\" \/>\n<meta name=\"twitter:label1\" content=\"Est. reading time\" \/>\n\t<meta name=\"twitter:data1\" content=\"6 minutes\" \/>\n<script type=\"application\/ld+json\" class=\"yoast-schema-graph\">{\"@context\":\"https:\/\/schema.org\",\"@graph\":[{\"@type\":\"WebPage\",\"@id\":\"https:\/\/jimrichard.be\/en\/terms-conditions\/\",\"url\":\"https:\/\/jimrichard.be\/en\/terms-conditions\/\",\"name\":\"Terms &amp; Conditions - Jim Richard - Th\u00e9rapeute Holistique.\",\"isPartOf\":{\"@id\":\"https:\/\/jimrichard.be\/#website\"},\"datePublished\":\"2024-07-03T08:57:40+00:00\",\"dateModified\":\"2024-08-18T17:46:28+00:00\",\"breadcrumb\":{\"@id\":\"https:\/\/jimrichard.be\/en\/terms-conditions\/#breadcrumb\"},\"inLanguage\":\"en-US\",\"potentialAction\":[{\"@type\":\"ReadAction\",\"target\":[\"https:\/\/jimrichard.be\/en\/terms-conditions\/\"]}]},{\"@type\":\"BreadcrumbList\",\"@id\":\"https:\/\/jimrichard.be\/en\/terms-conditions\/#breadcrumb\",\"itemListElement\":[{\"@type\":\"ListItem\",\"position\":1,\"name\":\"Accueil\",\"item\":\"https:\/\/jimrichard.be\/\"},{\"@type\":\"ListItem\",\"position\":2,\"name\":\"Terms &amp; Conditions\"}]},{\"@type\":\"WebSite\",\"@id\":\"https:\/\/jimrichard.be\/#website\",\"url\":\"https:\/\/jimrichard.be\/\",\"name\":\"Jim Richard - Th\u00e9rapeute Holistique.\",\"description\":\"Retrouvez l&#039;Harmonie : Bien-\u00catre et Clart\u00e9 dans Votre Vie et Votre Maison\",\"publisher\":{\"@id\":\"https:\/\/jimrichard.be\/#organization\"},\"potentialAction\":[{\"@type\":\"SearchAction\",\"target\":{\"@type\":\"EntryPoint\",\"urlTemplate\":\"https:\/\/jimrichard.be\/?s={search_term_string}\"},\"query-input\":{\"@type\":\"PropertyValueSpecification\",\"valueRequired\":true,\"valueName\":\"search_term_string\"}}],\"inLanguage\":\"en-US\"},{\"@type\":\"Organization\",\"@id\":\"https:\/\/jimrichard.be\/#organization\",\"name\":\"Jim Richard - Th\u00e9rapeute Holistique.\",\"url\":\"https:\/\/jimrichard.be\/\",\"logo\":{\"@type\":\"ImageObject\",\"inLanguage\":\"en-US\",\"@id\":\"https:\/\/jimrichard.be\/#\/schema\/logo\/image\/\",\"url\":\"https:\/\/jimrichard.be\/wp-content\/uploads\/2024\/06\/cropped-favicon-JR.png\",\"contentUrl\":\"https:\/\/jimrichard.be\/wp-content\/uploads\/2024\/06\/cropped-favicon-JR.png\",\"width\":512,\"height\":512,\"caption\":\"Jim Richard - Th\u00e9rapeute Holistique.\"},\"image\":{\"@id\":\"https:\/\/jimrichard.be\/#\/schema\/logo\/image\/\"},\"sameAs\":[\"https:\/\/www.facebook.com\/jimrichardspirit\/\",\"https:\/\/www.instagram.com\/jimrichardliberi\/\"]}]}<\/script>\n<!-- \/ Yoast SEO plugin. -->","yoast_head_json":{"title":"Terms &amp; Conditions - Jim Richard - Th\u00e9rapeute Holistique.","robots":{"index":"index","follow":"follow","max-snippet":"max-snippet:-1","max-image-preview":"max-image-preview:large","max-video-preview":"max-video-preview:-1"},"canonical":"https:\/\/jimrichard.be\/en\/terms-conditions\/","og_locale":"en_US","og_type":"article","og_title":"Terms &amp; Conditions - Jim Richard - Th\u00e9rapeute Holistique.","og_description":"Terms &amp; ConditionsGeneral conditions of application Read carefully &nbsp;Here you'll find all the information you need about our services, opening hours, privacy policies and payment methods. We encourage you to read these terms carefully to ensure an optimal and transparent experience during your holistic therapy sessions. If you have any questions or specific requests, please do not hesitate to contact us.Responsibility Energy treatments or guidances are part of the field of alternative therapies, not traditional Western medicine. This means that these services should never replace medical or psychological treatment but are intended to complement them. I am responsible for the framework and for every word spoken during a session or training course. My responsibility ends there. The consultant is at all times in control of and responsible for his or her words and actions, both during and outside the session. Physical or verbal abuse will not be tolerated. Personal data and private property The consultant information or materials I send are subject to the RGPD and copyright laws, according to the European regulation of April 27, 2016. The consultant has a right of access, rectification, portability, deletion of data, limitation of processing and opposition to the processing of data for [&hellip;]","og_url":"https:\/\/jimrichard.be\/en\/terms-conditions\/","og_site_name":"Jim Richard - Th\u00e9rapeute Holistique.","article_publisher":"https:\/\/www.facebook.com\/jimrichardspirit\/","article_modified_time":"2024-08-18T17:46:28+00:00","twitter_card":"summary_large_image","twitter_misc":{"Est. reading time":"6 minutes"},"schema":{"@context":"https:\/\/schema.org","@graph":[{"@type":"WebPage","@id":"https:\/\/jimrichard.be\/en\/terms-conditions\/","url":"https:\/\/jimrichard.be\/en\/terms-conditions\/","name":"Terms &amp; Conditions - Jim Richard - Th\u00e9rapeute Holistique.","isPartOf":{"@id":"https:\/\/jimrichard.be\/#website"},"datePublished":"2024-07-03T08:57:40+00:00","dateModified":"2024-08-18T17:46:28+00:00","breadcrumb":{"@id":"https:\/\/jimrichard.be\/en\/terms-conditions\/#breadcrumb"},"inLanguage":"en-US","potentialAction":[{"@type":"ReadAction","target":["https:\/\/jimrichard.be\/en\/terms-conditions\/"]}]},{"@type":"BreadcrumbList","@id":"https:\/\/jimrichard.be\/en\/terms-conditions\/#breadcrumb","itemListElement":[{"@type":"ListItem","position":1,"name":"Accueil","item":"https:\/\/jimrichard.be\/"},{"@type":"ListItem","position":2,"name":"Terms &amp; Conditions"}]},{"@type":"WebSite","@id":"https:\/\/jimrichard.be\/#website","url":"https:\/\/jimrichard.be\/","name":"Jim Richard - Th\u00e9rapeute Holistique.","description":"Retrouvez l&#039;Harmonie : Bien-\u00catre et Clart\u00e9 dans Votre Vie et Votre Maison","publisher":{"@id":"https:\/\/jimrichard.be\/#organization"},"potentialAction":[{"@type":"SearchAction","target":{"@type":"EntryPoint","urlTemplate":"https:\/\/jimrichard.be\/?s={search_term_string}"},"query-input":{"@type":"PropertyValueSpecification","valueRequired":true,"valueName":"search_term_string"}}],"inLanguage":"en-US"},{"@type":"Organization","@id":"https:\/\/jimrichard.be\/#organization","name":"Jim Richard - Th\u00e9rapeute Holistique.","url":"https:\/\/jimrichard.be\/","logo":{"@type":"ImageObject","inLanguage":"en-US","@id":"https:\/\/jimrichard.be\/#\/schema\/logo\/image\/","url":"https:\/\/jimrichard.be\/wp-content\/uploads\/2024\/06\/cropped-favicon-JR.png","contentUrl":"https:\/\/jimrichard.be\/wp-content\/uploads\/2024\/06\/cropped-favicon-JR.png","width":512,"height":512,"caption":"Jim Richard - Th\u00e9rapeute Holistique."},"image":{"@id":"https:\/\/jimrichard.be\/#\/schema\/logo\/image\/"},"sameAs":["https:\/\/www.facebook.com\/jimrichardspirit\/","https:\/\/www.instagram.com\/jimrichardliberi\/"]}]}},"jetpack_sharing_enabled":true,"ticketed":false,"_links":{"self":[{"href":"https:\/\/jimrichard.be\/en\/wp-json\/wp\/v2\/pages\/226275","targetHints":{"allow":["GET"]}}],"collection":[{"href":"https:\/\/jimrichard.be\/en\/wp-json\/wp\/v2\/pages"}],"about":[{"href":"https:\/\/jimrichard.be\/en\/wp-json\/wp\/v2\/types\/page"}],"author":[{"embeddable":true,"href":"https:\/\/jimrichard.be\/en\/wp-json\/wp\/v2\/users\/1"}],"replies":[{"embeddable":true,"href":"https:\/\/jimrichard.be\/en\/wp-json\/wp\/v2\/comments?post=226275"}],"version-history":[{"count":0,"href":"https:\/\/jimrichard.be\/en\/wp-json\/wp\/v2\/pages\/226275\/revisions"}],"wp:attachment":[{"href":"https:\/\/jimrichard.be\/en\/wp-json\/wp\/v2\/media?parent=226275"}],"curies":[{"name":"wp","href":"https:\/\/api.w.org\/{rel}","templated":true}]}}